{"id":2427,"date":"2022-03-31T15:46:30","date_gmt":"2022-03-31T04:46:30","guid":{"rendered":"https:\/\/www.budget.nc\/?post_type=product&#038;p=2427"},"modified":"2024-07-04T11:35:40","modified_gmt":"2024-07-04T00:35:40","slug":"kia-k2700","status":"publish","type":"product","link":"https:\/\/www.budget.nc\/en\/vehicule\/kia-k2700\/","title":{"rendered":"Kia K2700 benne basculante (Cat. T)"},"content":{"rendered":"<p>Con\u00e7u pour accompagner les artisans sur tous leurs projets du quotidien, le Kia plateau K2700 s&#8217;adapte \u00e0 toutes les utilisations. Sa grande capacit\u00e9 de chargement vous permet de travailler dans les meilleures conditions.<\/p>\n<p>Sa benne basculante facilite les actions de chargement et d\u00e9chargement. Son mode 4&#215;4 am\u00e9liore ses performances pour monter des c\u00f4tes pentues ou les chemins un peu boueux de Nouvelle-Cal\u00e9donie.<\/p>","protected":false},"excerpt":{"rendered":"<p>Con\u00e7u pour accompagner les artisans sur tous leurs projets du quotidien, le Kia plateau K2700 s&#8217;adapte \u00e0 toutes les utilisations. Sa grande capacit\u00e9 de chargement vous permet de travailler dans les meilleures conditions.<\/p>\n<p>Sa benne basculante facilite les actions de chargement et d\u00e9chargement. Son mode 4&#215;4 am\u00e9liore ses performances pour monter des c\u00f4tes pentues ou les chemins un peu boueux de Nouvelle-Cal\u00e9donie.<\/p>","protected":false},"featured_media":2428,"template":"","meta":{"_acf_changed":false,"_seopress_robots_primary_cat":"","_seopress_titles_title":"","_seopress_titles_desc":"","_seopress_robots_index":"","site-sidebar-layout":"default","site-content-layout":"default","ast-main-header-display":"","ast-hfb-above-header-display":"","ast-hfb-below-header-display":"","ast-hfb-mobile-header-display":"","site-post-title":"","ast-breadcrumbs-content":"","ast-featured-img":"","footer-sml-layout":"","theme-transparent-header-meta":"default","adv-header-id-meta":"","stick-header-meta":"","header-above-stick-meta":"","header-main-stick-meta":"","header-below-stick-meta":""},"product_cat":[72],"product_tag":[],"agencies":[33,36,35,34,156],"class_list":{"0":"post-2427","1":"product","2":"type-product","3":"status-publish","4":"has-post-thumbnail","6":"product_cat-utilitaire","7":"agencies-agence-location-aeroport-tontouta","8":"agencies-agence-location-noumea-ducos","9":"agencies-agence-location-voiture-kone","10":"agencies-agence-location-noumea-anse-vata","11":"agencies-agence-location-noumea-centre-ville","13":"first","14":"instock","15":"taxable","16":"shipping-taxable","17":"purchasable","18":"product-type-redq_rental"},"acf":[],"_links":{"self":[{"href":"https:\/\/www.budget.nc\/en\/wp-json\/wp\/v2\/product\/2427","targetHints":{"allow":["GET"]}}],"collection":[{"href":"https:\/\/www.budget.nc\/en\/wp-json\/wp\/v2\/product"}],"about":[{"href":"https:\/\/www.budget.nc\/en\/wp-json\/wp\/v2\/types\/product"}],"version-history":[{"count":2,"href":"https:\/\/www.budget.nc\/en\/wp-json\/wp\/v2\/product\/2427\/revisions"}],"predecessor-version":[{"id":5439,"href":"https:\/\/www.budget.nc\/en\/wp-json\/wp\/v2\/product\/2427\/revisions\/5439"}],"wp:featuredmedia":[{"embeddable":true,"href":"https:\/\/www.budget.nc\/en\/wp-json\/wp\/v2\/media\/2428"}],"wp:attachment":[{"href":"https:\/\/www.budget.nc\/en\/wp-json\/wp\/v2\/media?parent=2427"}],"wp:term":[{"taxonomy":"product_cat","embeddable":true,"href":"https:\/\/www.budget.nc\/en\/wp-json\/wp\/v2\/product_cat?post=2427"},{"taxonomy":"product_tag","embeddable":true,"href":"https:\/\/www.budget.nc\/en\/wp-json\/wp\/v2\/product_tag?post=2427"},{"taxonomy":"agencies","embeddable":true,"href":"https:\/\/www.budget.nc\/en\/wp-json\/wp\/v2\/agencies?post=2427"}],"curies":[{"name":"wp","href":"https:\/\/api.w.org\/{rel}","templated":true}]}}