{"id":2424,"date":"2022-03-31T14:56:11","date_gmt":"2022-03-31T03:56:11","guid":{"rendered":"https:\/\/www.budget.nc\/?post_type=product&#038;p=2424"},"modified":"2024-07-04T11:40:03","modified_gmt":"2024-07-04T00:40:03","slug":"citroen-jumper-cat-mu","status":"publish","type":"product","link":"https:\/\/www.budget.nc\/en\/vehicule\/citroen-jumper-cat-mu\/","title":{"rendered":"Citroen Jumper 13m\u00b3 (Cat. MU)"},"content":{"rendered":"<h3>Un grand Utilitaire de 13m\u00b3<\/h3>\n<p>D\u00e9couvrez le Citro\u00ebn Jumper Utilitaire 13m\u00b3, le partenaire id\u00e9al pour tous vos besoins de transport professionnel. Spacieux et robuste, ce v\u00e9hicule utilitaire offre une capacit\u00e9 de chargement g\u00e9n\u00e9reuse de 13 m\u00e8tres cubes, parfaite pour les d\u00e9m\u00e9nagements, les livraisons et bien plus encore.<\/p>\n<p>Avec son int\u00e9rieur ergonomique et ses \u00e9quipements modernes, le Citro\u00ebn Jumper assure une conduite confortable et efficace. Ses performances fiables et sa maniabilit\u00e9 remarquable en font un choix de premier ordre pour les professionnels exigeants.<\/p>\n<p>R\u00e9servez d\u00e8s maintenant le Citro\u00ebn Jumper Utilitaire 13m\u00b3 sur notre site et b\u00e9n\u00e9ficiez d&#8217;un utilitaire spacieux, performant et pr\u00eat \u00e0 relever tous les d\u00e9fis de votre activit\u00e9 !<\/p>","protected":false},"excerpt":{"rendered":"<h3>Un grand Utilitaire de 13m\u00b3<\/h3>\n<p>D\u00e9couvrez le Citro\u00ebn Jumper Utilitaire 13m\u00b3, le partenaire id\u00e9al pour tous vos besoins de transport professionnel. Spacieux et robuste, ce v\u00e9hicule utilitaire offre une capacit\u00e9 de chargement g\u00e9n\u00e9reuse de 13 m\u00e8tres cubes, parfaite pour les d\u00e9m\u00e9nagements, les livraisons et bien plus encore.<\/p>\n<p>Avec son int\u00e9rieur ergonomique et ses \u00e9quipements modernes, le Citro\u00ebn Jumper assure une conduite confortable et efficace. Ses performances fiables et sa maniabilit\u00e9 remarquable en font un choix de premier ordre pour les professionnels exigeants.<\/p>\n<p>R\u00e9servez d\u00e8s maintenant le Citro\u00ebn Jumper Utilitaire 13m\u00b3 sur notre site et b\u00e9n\u00e9ficiez d&#8217;un utilitaire spacieux, performant et pr\u00eat \u00e0 relever tous les d\u00e9fis de votre activit\u00e9 !<\/p>","protected":false},"featured_media":5441,"template":"","meta":{"_acf_changed":false,"_seopress_robots_primary_cat":"","_seopress_titles_title":"","_seopress_titles_desc":"","_seopress_robots_index":"","site-sidebar-layout":"default","site-content-layout":"default","ast-main-header-display":"","ast-hfb-above-header-display":"","ast-hfb-below-header-display":"","ast-hfb-mobile-header-display":"","site-post-title":"","ast-breadcrumbs-content":"","ast-featured-img":"","footer-sml-layout":"","theme-transparent-header-meta":"default","adv-header-id-meta":"","stick-header-meta":"","header-above-stick-meta":"","header-main-stick-meta":"","header-below-stick-meta":""},"product_cat":[72],"product_tag":[],"agencies":[34,36,156,33,35],"class_list":{"0":"post-2424","1":"product","2":"type-product","3":"status-publish","4":"has-post-thumbnail","6":"product_cat-utilitaire","7":"agencies-agence-location-noumea-anse-vata","8":"agencies-agence-location-noumea-ducos","9":"agencies-agence-location-noumea-centre-ville","10":"agencies-agence-location-aeroport-tontouta","11":"agencies-agence-location-voiture-kone","13":"first","14":"instock","15":"taxable","16":"shipping-taxable","17":"purchasable","18":"product-type-redq_rental"},"acf":[],"_links":{"self":[{"href":"https:\/\/www.budget.nc\/en\/wp-json\/wp\/v2\/product\/2424","targetHints":{"allow":["GET"]}}],"collection":[{"href":"https:\/\/www.budget.nc\/en\/wp-json\/wp\/v2\/product"}],"about":[{"href":"https:\/\/www.budget.nc\/en\/wp-json\/wp\/v2\/types\/product"}],"version-history":[{"count":5,"href":"https:\/\/www.budget.nc\/en\/wp-json\/wp\/v2\/product\/2424\/revisions"}],"predecessor-version":[{"id":5440,"href":"https:\/\/www.budget.nc\/en\/wp-json\/wp\/v2\/product\/2424\/revisions\/5440"}],"wp:featuredmedia":[{"embeddable":true,"href":"https:\/\/www.budget.nc\/en\/wp-json\/wp\/v2\/media\/5441"}],"wp:attachment":[{"href":"https:\/\/www.budget.nc\/en\/wp-json\/wp\/v2\/media?parent=2424"}],"wp:term":[{"taxonomy":"product_cat","embeddable":true,"href":"https:\/\/www.budget.nc\/en\/wp-json\/wp\/v2\/product_cat?post=2424"},{"taxonomy":"product_tag","embeddable":true,"href":"https:\/\/www.budget.nc\/en\/wp-json\/wp\/v2\/product_tag?post=2424"},{"taxonomy":"agencies","embeddable":true,"href":"https:\/\/www.budget.nc\/en\/wp-json\/wp\/v2\/agencies?post=2424"}],"curies":[{"name":"wp","href":"https:\/\/api.w.org\/{rel}","templated":true}]}}