{"id":2422,"date":"2022-03-31T14:54:04","date_gmt":"2022-03-31T03:54:04","guid":{"rendered":"https:\/\/www.budget.nc\/?post_type=product&#038;p=2422"},"modified":"2024-07-04T11:33:58","modified_gmt":"2024-07-04T00:33:58","slug":"citroen-berlingo-utilitaire-cat-m","status":"publish","type":"product","link":"https:\/\/www.budget.nc\/en\/vehicule\/citroen-berlingo-utilitaire-cat-m\/","title":{"rendered":"Citroen Berlingo Utilitaire 3m\u00b3 (Cat. M)"},"content":{"rendered":"<h3>Le petit utilitaire 3m\u00b3<\/h3>\n<p>D\u00e9couvrez le Citro\u00ebn Berlingo Utilitaire 3m\u00b3, l&#8217;alli\u00e9 parfait pour tous vos besoins professionnels. Spacieux et pratique, cet utilitaire offre une capacit\u00e9 de chargement g\u00e9n\u00e9reuse de 3m\u00b3, id\u00e9ale pour transporter vos \u00e9quipements et marchandises en toute facilit\u00e9. Son int\u00e9rieur fonctionnel est con\u00e7u pour maximiser votre productivit\u00e9, avec des solutions de rangement intelligentes et un confort optimal.<\/p>\n<p>Le Citro\u00ebn Berlingo Utilitaire se distingue par sa robustesse, sa fiabilit\u00e9 et son \u00e9conomie de carburant, assurant des trajets sereins et \u00e9conomiques. Sa maniabilit\u00e9 exceptionnelle facilite les d\u00e9placements en ville comme sur les routes plus longues.<\/p>\n<p>R\u00e9servez d\u00e8s maintenant le Citro\u00ebn Berlingo Utilitaire 3m\u00b3 sur notre site et profitez de la libert\u00e9 de conduire un v\u00e9hicule utilitaire spacieux, fiable et performant, pr\u00eat \u00e0 soutenir votre activit\u00e9 professionnelle au quotidien !<\/p>","protected":false},"excerpt":{"rendered":"<h3>Le petit utilitaire 3m\u00b3<\/h3>\n<p>D\u00e9couvrez le Citro\u00ebn Berlingo Utilitaire 3m\u00b3, l&#8217;alli\u00e9 parfait pour tous vos besoins professionnels. Spacieux et pratique, cet utilitaire offre une capacit\u00e9 de chargement g\u00e9n\u00e9reuse de 3m\u00b3, id\u00e9ale pour transporter vos \u00e9quipements et marchandises en toute facilit\u00e9. Son int\u00e9rieur fonctionnel est con\u00e7u pour maximiser votre productivit\u00e9, avec des solutions de rangement intelligentes et un confort optimal.<\/p>\n<p>Le Citro\u00ebn Berlingo Utilitaire se distingue par sa robustesse, sa fiabilit\u00e9 et son \u00e9conomie de carburant, assurant des trajets sereins et \u00e9conomiques. Sa maniabilit\u00e9 exceptionnelle facilite les d\u00e9placements en ville comme sur les routes plus longues.<\/p>\n<p>R\u00e9servez d\u00e8s maintenant le Citro\u00ebn Berlingo Utilitaire 3m\u00b3 sur notre site et profitez de la libert\u00e9 de conduire un v\u00e9hicule utilitaire spacieux, fiable et performant, pr\u00eat \u00e0 soutenir votre activit\u00e9 professionnelle au quotidien.<\/p>","protected":false},"featured_media":5437,"template":"","meta":{"_acf_changed":false,"_seopress_robots_primary_cat":"","_seopress_titles_title":"","_seopress_titles_desc":"","_seopress_robots_index":"","site-sidebar-layout":"default","site-content-layout":"default","ast-main-header-display":"","ast-hfb-above-header-display":"","ast-hfb-below-header-display":"","ast-hfb-mobile-header-display":"","site-post-title":"","ast-breadcrumbs-content":"","ast-featured-img":"","footer-sml-layout":"","theme-transparent-header-meta":"default","adv-header-id-meta":"","stick-header-meta":"","header-above-stick-meta":"","header-main-stick-meta":"","header-below-stick-meta":""},"product_cat":[72],"product_tag":[],"agencies":[34,36,156,33,35],"class_list":{"0":"post-2422","1":"product","2":"type-product","3":"status-publish","4":"has-post-thumbnail","6":"product_cat-utilitaire","7":"agencies-agence-location-noumea-anse-vata","8":"agencies-agence-location-noumea-ducos","9":"agencies-agence-location-noumea-centre-ville","10":"agencies-agence-location-aeroport-tontouta","11":"agencies-agence-location-voiture-kone","13":"first","14":"instock","15":"taxable","16":"shipping-taxable","17":"purchasable","18":"product-type-redq_rental"},"acf":[],"_links":{"self":[{"href":"https:\/\/www.budget.nc\/en\/wp-json\/wp\/v2\/product\/2422","targetHints":{"allow":["GET"]}}],"collection":[{"href":"https:\/\/www.budget.nc\/en\/wp-json\/wp\/v2\/product"}],"about":[{"href":"https:\/\/www.budget.nc\/en\/wp-json\/wp\/v2\/types\/product"}],"version-history":[{"count":3,"href":"https:\/\/www.budget.nc\/en\/wp-json\/wp\/v2\/product\/2422\/revisions"}],"predecessor-version":[{"id":5438,"href":"https:\/\/www.budget.nc\/en\/wp-json\/wp\/v2\/product\/2422\/revisions\/5438"}],"wp:featuredmedia":[{"embeddable":true,"href":"https:\/\/www.budget.nc\/en\/wp-json\/wp\/v2\/media\/5437"}],"wp:attachment":[{"href":"https:\/\/www.budget.nc\/en\/wp-json\/wp\/v2\/media?parent=2422"}],"wp:term":[{"taxonomy":"product_cat","embeddable":true,"href":"https:\/\/www.budget.nc\/en\/wp-json\/wp\/v2\/product_cat?post=2422"},{"taxonomy":"product_tag","embeddable":true,"href":"https:\/\/www.budget.nc\/en\/wp-json\/wp\/v2\/product_tag?post=2422"},{"taxonomy":"agencies","embeddable":true,"href":"https:\/\/www.budget.nc\/en\/wp-json\/wp\/v2\/agencies?post=2422"}],"curies":[{"name":"wp","href":"https:\/\/api.w.org\/{rel}","templated":true}]}}