{"id":2417,"date":"2022-03-31T14:49:53","date_gmt":"2022-03-31T03:49:53","guid":{"rendered":"https:\/\/www.budget.nc\/?post_type=product&#038;p=2417"},"modified":"2024-07-04T11:27:56","modified_gmt":"2024-07-04T00:27:56","slug":"toyota-hilux-cat-l","status":"publish","type":"product","link":"https:\/\/www.budget.nc\/en\/vehicule\/toyota-hilux-cat-l\/","title":{"rendered":"Toyota Hilux (Cat. L)"},"content":{"rendered":"<h3>Pick-up double cabine Toyota Hilux<\/h3>\n<p>Embarquez pour l\u2019aventure avec le Toyota Hilux, le pick-up robuste par excellence ! Con\u00e7u pour affronter les terrains les plus difficiles, le Hilux allie puissance et fiabilit\u00e9. Son int\u00e9rieur spacieux et confortable est \u00e9quip\u00e9 des derni\u00e8res technologies pour vous offrir une exp\u00e9rience de conduite agr\u00e9able et s\u00e9curis\u00e9e.<\/p>\n<p>Le Toyota Hilux se distingue par sa s\u00e9curit\u00e9 avanc\u00e9e, ses performances exceptionnelles et sa durabilit\u00e9. Que ce soit pour le travail ou les loisirs, sa maniabilit\u00e9 et son design imposant en font le choix id\u00e9al pour ceux qui recherchent un v\u00e9hicule capable de relever tous les d\u00e9fis.<\/p>\n<p>R\u00e9servez d\u00e8s maintenant le Toyota Hilux sur notre site et profitez de la libert\u00e9 de conduire un pick-up puissant, fiable et \u00e9l\u00e9gant, pr\u00eat \u00e0 vous accompagner dans toutes vos aventures !<\/p>","protected":false},"excerpt":{"rendered":"<h3>Pick-up double cabine Toyota Hilux<\/h3>\n<p>Embarquez pour l\u2019aventure avec le Toyota Hilux, le pick-up robuste par excellence ! Con\u00e7u pour affronter les terrains les plus difficiles, le Hilux allie puissance et fiabilit\u00e9. Son int\u00e9rieur spacieux et confortable est \u00e9quip\u00e9 des derni\u00e8res technologies pour vous offrir une exp\u00e9rience de conduite agr\u00e9able et s\u00e9curis\u00e9e.<\/p>\n<p>Le Toyota Hilux se distingue par sa s\u00e9curit\u00e9 avanc\u00e9e, ses performances exceptionnelles et sa durabilit\u00e9. Que ce soit pour le travail ou les loisirs, sa maniabilit\u00e9 et son design imposant en font le choix id\u00e9al pour ceux qui recherchent un v\u00e9hicule capable de relever tous les d\u00e9fis.<\/p>\n<p>R\u00e9servez d\u00e8s maintenant le Toyota Hilux sur notre site et profitez de la libert\u00e9 de conduire un pick-up puissant, fiable et \u00e9l\u00e9gant, pr\u00eat \u00e0 vous accompagner dans toutes vos aventures !<\/p>","protected":false},"featured_media":5435,"template":"","meta":{"_acf_changed":false,"_seopress_robots_primary_cat":"","_seopress_titles_title":"","_seopress_titles_desc":"","_seopress_robots_index":"","site-sidebar-layout":"default","site-content-layout":"default","ast-main-header-display":"","ast-hfb-above-header-display":"","ast-hfb-below-header-display":"","ast-hfb-mobile-header-display":"","site-post-title":"","ast-breadcrumbs-content":"","ast-featured-img":"","footer-sml-layout":"","theme-transparent-header-meta":"default","adv-header-id-meta":"","stick-header-meta":"","header-above-stick-meta":"","header-main-stick-meta":"","header-below-stick-meta":""},"product_cat":[71],"product_tag":[],"agencies":[34,36,156,33,35],"class_list":{"0":"post-2417","1":"product","2":"type-product","3":"status-publish","4":"has-post-thumbnail","6":"product_cat-4x4","7":"agencies-agence-location-noumea-anse-vata","8":"agencies-agence-location-noumea-ducos","9":"agencies-agence-location-noumea-centre-ville","10":"agencies-agence-location-aeroport-tontouta","11":"agencies-agence-location-voiture-kone","13":"first","14":"instock","15":"taxable","16":"shipping-taxable","17":"purchasable","18":"product-type-redq_rental"},"acf":[],"_links":{"self":[{"href":"https:\/\/www.budget.nc\/en\/wp-json\/wp\/v2\/product\/2417","targetHints":{"allow":["GET"]}}],"collection":[{"href":"https:\/\/www.budget.nc\/en\/wp-json\/wp\/v2\/product"}],"about":[{"href":"https:\/\/www.budget.nc\/en\/wp-json\/wp\/v2\/types\/product"}],"version-history":[{"count":3,"href":"https:\/\/www.budget.nc\/en\/wp-json\/wp\/v2\/product\/2417\/revisions"}],"predecessor-version":[{"id":5436,"href":"https:\/\/www.budget.nc\/en\/wp-json\/wp\/v2\/product\/2417\/revisions\/5436"}],"wp:featuredmedia":[{"embeddable":true,"href":"https:\/\/www.budget.nc\/en\/wp-json\/wp\/v2\/media\/5435"}],"wp:attachment":[{"href":"https:\/\/www.budget.nc\/en\/wp-json\/wp\/v2\/media?parent=2417"}],"wp:term":[{"taxonomy":"product_cat","embeddable":true,"href":"https:\/\/www.budget.nc\/en\/wp-json\/wp\/v2\/product_cat?post=2417"},{"taxonomy":"product_tag","embeddable":true,"href":"https:\/\/www.budget.nc\/en\/wp-json\/wp\/v2\/product_tag?post=2417"},{"taxonomy":"agencies","embeddable":true,"href":"https:\/\/www.budget.nc\/en\/wp-json\/wp\/v2\/agencies?post=2417"}],"curies":[{"name":"wp","href":"https:\/\/api.w.org\/{rel}","templated":true}]}}