{"id":2415,"date":"2022-03-31T14:46:55","date_gmt":"2022-03-31T03:46:55","guid":{"rendered":"https:\/\/www.budget.nc\/?post_type=product&#038;p=2415"},"modified":"2024-11-29T10:01:31","modified_gmt":"2024-11-28T23:01:31","slug":"hyundai-staria-cat-v","status":"publish","type":"product","link":"https:\/\/www.budget.nc\/en\/vehicule\/hyundai-staria-cat-v\/","title":{"rendered":"Hyundai Staria (Cat. V)"},"content":{"rendered":"<h3>Le Hyundai Staria<\/h3>\n<p>Explorez de nouveaux horizons avec le Hyundai Staria, le v\u00e9hicule parfait pour les familles et les groupes en qu\u00eate de confort et d&#8217;espace. Avec son design futuriste et son int\u00e9rieur spacieux, le Staria offre une exp\u00e9rience de conduite exceptionnelle. Profitez des technologies modernes et des \u00e9quipements haut de gamme pour un voyage en toute s\u00e9r\u00e9nit\u00e9.<\/p>\n<p>Le Hyundai Staria se distingue par sa s\u00e9curit\u00e9 avanc\u00e9e, ses performances fiables et son efficacit\u00e9 \u00e9nerg\u00e9tique. Sa maniabilit\u00e9 et son allure \u00e9l\u00e9gante en font le choix id\u00e9al pour ceux qui recherchent un v\u00e9hicule \u00e0 la fois pratique et styl\u00e9.<\/p>\n<p>R\u00e9servez d\u00e8s maintenant le Hyundai Staria sur notre site et vivez la libert\u00e9 de conduire un v\u00e9hicule spacieux, innovant et sophistiqu\u00e9, pr\u00eat \u00e0 transformer vos trajets en v\u00e9ritables aventures !<\/p>","protected":false},"excerpt":{"rendered":"<h3>Le Hyundai Staria<\/h3>\n<p>Explorez de nouveaux horizons avec le Hyundai Staria, le v\u00e9hicule parfait pour les familles et les groupes en qu\u00eate de confort et d&#8217;espace. Avec son design futuriste et son int\u00e9rieur spacieux, le Staria offre une exp\u00e9rience de conduite exceptionnelle. Profitez des technologies modernes et des \u00e9quipements haut de gamme pour un voyage en toute s\u00e9r\u00e9nit\u00e9.<\/p>\n<p>Le Hyundai Staria se distingue par sa s\u00e9curit\u00e9 avanc\u00e9e, ses performances fiables et son efficacit\u00e9 \u00e9nerg\u00e9tique. Sa maniabilit\u00e9 et son allure \u00e9l\u00e9gante en font le choix id\u00e9al pour ceux qui recherchent un v\u00e9hicule \u00e0 la fois pratique et styl\u00e9.<\/p>\n<p>R\u00e9servez d\u00e8s maintenant le Hyundai Staria sur notre site et vivez la libert\u00e9 de conduire un v\u00e9hicule spacieux, innovant et sophistiqu\u00e9, pr\u00eat \u00e0 transformer vos trajets en v\u00e9ritables aventures !<\/p>","protected":false},"featured_media":5429,"template":"","meta":{"_acf_changed":false,"_seopress_robots_primary_cat":"","_seopress_titles_title":"","_seopress_titles_desc":"","_seopress_robots_index":"","site-sidebar-layout":"default","site-content-layout":"default","ast-main-header-display":"","ast-hfb-above-header-display":"","ast-hfb-below-header-display":"","ast-hfb-mobile-header-display":"","site-post-title":"","ast-breadcrumbs-content":"","ast-featured-img":"","footer-sml-layout":"","theme-transparent-header-meta":"default","adv-header-id-meta":"","stick-header-meta":"","header-above-stick-meta":"","header-main-stick-meta":"","header-below-stick-meta":""},"product_cat":[100],"product_tag":[],"agencies":[34,36,156,33,35],"class_list":{"0":"post-2415","1":"product","2":"type-product","3":"status-publish","4":"has-post-thumbnail","6":"product_cat-minibus","7":"agencies-agence-location-noumea-anse-vata","8":"agencies-agence-location-noumea-ducos","9":"agencies-agence-location-noumea-centre-ville","10":"agencies-agence-location-aeroport-tontouta","11":"agencies-agence-location-voiture-kone","13":"first","14":"instock","15":"taxable","16":"shipping-taxable","17":"purchasable","18":"product-type-redq_rental"},"acf":[],"_links":{"self":[{"href":"https:\/\/www.budget.nc\/en\/wp-json\/wp\/v2\/product\/2415","targetHints":{"allow":["GET"]}}],"collection":[{"href":"https:\/\/www.budget.nc\/en\/wp-json\/wp\/v2\/product"}],"about":[{"href":"https:\/\/www.budget.nc\/en\/wp-json\/wp\/v2\/types\/product"}],"version-history":[{"count":4,"href":"https:\/\/www.budget.nc\/en\/wp-json\/wp\/v2\/product\/2415\/revisions"}],"predecessor-version":[{"id":5459,"href":"https:\/\/www.budget.nc\/en\/wp-json\/wp\/v2\/product\/2415\/revisions\/5459"}],"wp:featuredmedia":[{"embeddable":true,"href":"https:\/\/www.budget.nc\/en\/wp-json\/wp\/v2\/media\/5429"}],"wp:attachment":[{"href":"https:\/\/www.budget.nc\/en\/wp-json\/wp\/v2\/media?parent=2415"}],"wp:term":[{"taxonomy":"product_cat","embeddable":true,"href":"https:\/\/www.budget.nc\/en\/wp-json\/wp\/v2\/product_cat?post=2415"},{"taxonomy":"product_tag","embeddable":true,"href":"https:\/\/www.budget.nc\/en\/wp-json\/wp\/v2\/product_tag?post=2415"},{"taxonomy":"agencies","embeddable":true,"href":"https:\/\/www.budget.nc\/en\/wp-json\/wp\/v2\/agencies?post=2415"}],"curies":[{"name":"wp","href":"https:\/\/api.w.org\/{rel}","templated":true}]}}