{"id":2388,"date":"2022-03-30T10:40:28","date_gmt":"2022-03-29T23:40:28","guid":{"rendered":"https:\/\/www.budget.nc\/?post_type=product&#038;p=2388"},"modified":"2024-07-03T17:43:58","modified_gmt":"2024-07-03T06:43:58","slug":"geely-gx3","status":"publish","type":"product","link":"https:\/\/www.budget.nc\/en\/vehicule\/geely-gx3\/","title":{"rendered":"Geely GX3 (Cat. E)"},"content":{"rendered":"<h3>Cat\u00e9gorie interm\u00e9diaire automatique<\/h3>\n<p>Embarquez pour une nouvelle exp\u00e9rience de conduite avec la Geely GX3 ! Ce SUV compact et \u00e9l\u00e9gant est id\u00e9al pour explorer la ville ou partir \u00e0 l&#8217;aventure. Son int\u00e9rieur moderne et bien \u00e9quip\u00e9 offre tout le confort et la technologie dont vous avez besoin pour des trajets agr\u00e9ables.<\/p>\n<p>La Geely GX3 se distingue par sa s\u00e9curit\u00e9, ses performances fiables et son \u00e9conomie de carburant. Sa maniabilit\u00e9 et son allure sportive en font un choix parfait pour ceux qui recherchent style et fonctionnalit\u00e9.<\/p>\n<p>R\u00e9servez d\u00e8s maintenant la Geely GX3 sur notre site et profitez de la libert\u00e9 de conduire un SUV compact, performant et raffin\u00e9, pr\u00eat \u00e0 vous accompagner partout !<\/p>","protected":false},"excerpt":{"rendered":"<h3>Cat\u00e9gorie interm\u00e9diaire automatique<\/h3>\n<p>Embarquez pour une nouvelle exp\u00e9rience de conduite avec la Geely GX3 ! Ce SUV compact et \u00e9l\u00e9gant est id\u00e9al pour explorer la ville ou partir \u00e0 l&#8217;aventure. Son int\u00e9rieur moderne et bien \u00e9quip\u00e9 offre tout le confort et la technologie dont vous avez besoin pour des trajets agr\u00e9ables.<\/p>\n<p>La Geely GX3 se distingue par sa s\u00e9curit\u00e9, ses performances fiables et son \u00e9conomie de carburant. Sa maniabilit\u00e9 et son allure sportive en font un choix parfait pour ceux qui recherchent style et fonctionnalit\u00e9.<\/p>\n<p>R\u00e9servez d\u00e8s maintenant la Geely GX3 sur notre site et profitez de la libert\u00e9 de conduire un SUV compact, performant et raffin\u00e9, pr\u00eat \u00e0 vous accompagner partout !<\/p>","protected":false},"featured_media":4624,"template":"","meta":{"_acf_changed":false,"_seopress_robots_primary_cat":"","_seopress_titles_title":"","_seopress_titles_desc":"","_seopress_robots_index":"","site-sidebar-layout":"default","site-content-layout":"default","ast-main-header-display":"","ast-hfb-above-header-display":"","ast-hfb-below-header-display":"","ast-hfb-mobile-header-display":"","site-post-title":"","ast-breadcrumbs-content":"","ast-featured-img":"","footer-sml-layout":"","theme-transparent-header-meta":"default","adv-header-id-meta":"","stick-header-meta":"","header-above-stick-meta":"","header-main-stick-meta":"","header-below-stick-meta":""},"product_cat":[132],"product_tag":[],"agencies":[34,36,156,33,35],"class_list":{"0":"post-2388","1":"product","2":"type-product","3":"status-publish","4":"has-post-thumbnail","6":"product_cat-tourisme","7":"agencies-agence-location-noumea-anse-vata","8":"agencies-agence-location-noumea-ducos","9":"agencies-agence-location-noumea-centre-ville","10":"agencies-agence-location-aeroport-tontouta","11":"agencies-agence-location-voiture-kone","13":"first","14":"instock","15":"taxable","16":"shipping-taxable","17":"purchasable","18":"product-type-redq_rental"},"acf":[],"_links":{"self":[{"href":"https:\/\/www.budget.nc\/en\/wp-json\/wp\/v2\/product\/2388","targetHints":{"allow":["GET"]}}],"collection":[{"href":"https:\/\/www.budget.nc\/en\/wp-json\/wp\/v2\/product"}],"about":[{"href":"https:\/\/www.budget.nc\/en\/wp-json\/wp\/v2\/types\/product"}],"version-history":[{"count":4,"href":"https:\/\/www.budget.nc\/en\/wp-json\/wp\/v2\/product\/2388\/revisions"}],"predecessor-version":[{"id":5406,"href":"https:\/\/www.budget.nc\/en\/wp-json\/wp\/v2\/product\/2388\/revisions\/5406"}],"wp:featuredmedia":[{"embeddable":true,"href":"https:\/\/www.budget.nc\/en\/wp-json\/wp\/v2\/media\/4624"}],"wp:attachment":[{"href":"https:\/\/www.budget.nc\/en\/wp-json\/wp\/v2\/media?parent=2388"}],"wp:term":[{"taxonomy":"product_cat","embeddable":true,"href":"https:\/\/www.budget.nc\/en\/wp-json\/wp\/v2\/product_cat?post=2388"},{"taxonomy":"product_tag","embeddable":true,"href":"https:\/\/www.budget.nc\/en\/wp-json\/wp\/v2\/product_tag?post=2388"},{"taxonomy":"agencies","embeddable":true,"href":"https:\/\/www.budget.nc\/en\/wp-json\/wp\/v2\/agencies?post=2388"}],"curies":[{"name":"wp","href":"https:\/\/api.w.org\/{rel}","templated":true}]}}