{"id":2384,"date":"2022-03-30T10:29:06","date_gmt":"2022-03-29T23:29:06","guid":{"rendered":"https:\/\/www.budget.nc\/?post_type=product&#038;p=2384"},"modified":"2024-07-03T18:03:17","modified_gmt":"2024-07-03T07:03:17","slug":"changan-alsvin-auto","status":"publish","type":"product","link":"https:\/\/www.budget.nc\/en\/vehicule\/changan-alsvin-auto\/","title":{"rendered":"Changan Alsvin (Cat. H)"},"content":{"rendered":"<h3>Roulez \u00e0 bord de la Changan Alsvin<\/h3>\n<p>Red\u00e9couvrez le plaisir de conduire avec la Changan Alsvin ! Cette berline \u00e9l\u00e9gante et moderne est parfaite pour vos trajets quotidiens et vos escapades. Son int\u00e9rieur spacieux et bien \u00e9quip\u00e9 vous offre un confort exceptionnel, compl\u00e9t\u00e9 par des technologies avanc\u00e9es pour une exp\u00e9rience de conduite optimale.<\/p>\n<p>La Changan Alsvin combine s\u00e9curit\u00e9, fiabilit\u00e9 et \u00e9conomie de carburant, vous assurant ainsi des trajets sereins et \u00e9conomiques. Sa maniabilit\u00e9 et son design raffin\u00e9 en font un choix id\u00e9al pour ceux qui recherchent \u00e0 la fois style et performance.<\/p>\n<p>R\u00e9servez d\u00e8s maintenant la Changan Alsvin sur notre site et profitez de la joie de conduire une berline moderne, confortable et s\u00fbre, pr\u00eate \u00e0 vous accompagner dans toutes vos aventures !<\/p>","protected":false},"excerpt":{"rendered":"<h3>Roulez \u00e0 bord de la Changan Alsvin<\/h3>\n<p>Red\u00e9couvrez le plaisir de conduire avec la Changan Alsvin ! Cette berline \u00e9l\u00e9gante et moderne est parfaite pour vos trajets quotidiens et vos escapades. Son int\u00e9rieur spacieux et bien \u00e9quip\u00e9 vous offre un confort exceptionnel, compl\u00e9t\u00e9 par des technologies avanc\u00e9es pour une exp\u00e9rience de conduite optimale.<\/p>\n<p>La Changan Alsvin combine s\u00e9curit\u00e9, fiabilit\u00e9 et \u00e9conomie de carburant, vous assurant ainsi des trajets sereins et \u00e9conomiques. Sa maniabilit\u00e9 et son design raffin\u00e9 en font un choix id\u00e9al pour ceux qui recherchent \u00e0 la fois style et performance.<\/p>\n<p>R\u00e9servez d\u00e8s maintenant la Changan Alsvin sur notre site et profitez de la joie de conduire une berline moderne, confortable et s\u00fbre, pr\u00eate \u00e0 vous accompagner dans toutes vos aventures !<\/p>","protected":false},"featured_media":5409,"template":"","meta":{"_acf_changed":false,"_seopress_robots_primary_cat":"","_seopress_titles_title":"","_seopress_titles_desc":"","_seopress_robots_index":"","site-sidebar-layout":"default","site-content-layout":"default","ast-main-header-display":"","ast-hfb-above-header-display":"","ast-hfb-below-header-display":"","ast-hfb-mobile-header-display":"","site-post-title":"","ast-breadcrumbs-content":"","ast-featured-img":"","footer-sml-layout":"","theme-transparent-header-meta":"default","adv-header-id-meta":"","stick-header-meta":"","header-above-stick-meta":"","header-main-stick-meta":"","header-below-stick-meta":""},"product_cat":[132],"product_tag":[],"agencies":[34,36,33,35],"class_list":{"0":"post-2384","1":"product","2":"type-product","3":"status-publish","4":"has-post-thumbnail","6":"product_cat-tourisme","7":"agencies-agence-location-noumea-anse-vata","8":"agencies-agence-location-noumea-ducos","9":"agencies-agence-location-aeroport-tontouta","10":"agencies-agence-location-voiture-kone","12":"first","13":"instock","14":"taxable","15":"shipping-taxable","16":"purchasable","17":"product-type-redq_rental"},"acf":[],"_links":{"self":[{"href":"https:\/\/www.budget.nc\/en\/wp-json\/wp\/v2\/product\/2384","targetHints":{"allow":["GET"]}}],"collection":[{"href":"https:\/\/www.budget.nc\/en\/wp-json\/wp\/v2\/product"}],"about":[{"href":"https:\/\/www.budget.nc\/en\/wp-json\/wp\/v2\/types\/product"}],"version-history":[{"count":3,"href":"https:\/\/www.budget.nc\/en\/wp-json\/wp\/v2\/product\/2384\/revisions"}],"predecessor-version":[{"id":5408,"href":"https:\/\/www.budget.nc\/en\/wp-json\/wp\/v2\/product\/2384\/revisions\/5408"}],"wp:featuredmedia":[{"embeddable":true,"href":"https:\/\/www.budget.nc\/en\/wp-json\/wp\/v2\/media\/5409"}],"wp:attachment":[{"href":"https:\/\/www.budget.nc\/en\/wp-json\/wp\/v2\/media?parent=2384"}],"wp:term":[{"taxonomy":"product_cat","embeddable":true,"href":"https:\/\/www.budget.nc\/en\/wp-json\/wp\/v2\/product_cat?post=2384"},{"taxonomy":"product_tag","embeddable":true,"href":"https:\/\/www.budget.nc\/en\/wp-json\/wp\/v2\/product_tag?post=2384"},{"taxonomy":"agencies","embeddable":true,"href":"https:\/\/www.budget.nc\/en\/wp-json\/wp\/v2\/agencies?post=2384"}],"curies":[{"name":"wp","href":"https:\/\/api.w.org\/{rel}","templated":true}]}}