{"id":2069,"date":"2022-02-13T09:59:13","date_gmt":"2022-02-12T22:59:13","guid":{"rendered":"https:\/\/www.budget.nc\/?post_type=product&#038;p=2069"},"modified":"2024-07-03T17:26:50","modified_gmt":"2024-07-03T06:26:50","slug":"nissan-micra","status":"publish","type":"product","link":"https:\/\/www.budget.nc\/en\/vehicule\/nissan-micra\/","title":{"rendered":"Nissan Micra (Cat. B)"},"content":{"rendered":"<h3>La citadine en boite manuelle<\/h3>\n<p>Embarquez pour une aventure urbaine avec la Nissan Micra ! Compacte et styl\u00e9e, cette petite merveille est parfaite pour se faufiler en ville avec \u00e9l\u00e9gance. Son int\u00e9rieur confortable, truff\u00e9 de technologies modernes, vous assure un trajet agr\u00e9able \u00e0 chaque kilom\u00e8tre.<\/p>\n<p>La Micra, c&#8217;est aussi la s\u00e9curit\u00e9 sans compromis et une consommation de carburant qui vous fera sourire \u00e0 la pompe. Maniable et r\u00e9active, elle transforme chaque trajet en un moment de plaisir.<\/p>\n<p>R\u00e9servez d\u00e8s maintenant la Nissan Micra sur notre site et profitez de la libert\u00e9 de rouler avec style et s\u00e9r\u00e9nit\u00e9 !<\/p>","protected":false},"excerpt":{"rendered":"<h3>La citadine en boite manuelle<\/h3>\n<p>Embarquez pour une aventure urbaine avec la Nissan Micra ! Compacte et styl\u00e9e, cette petite merveille est parfaite pour se faufiler en ville avec \u00e9l\u00e9gance. Son int\u00e9rieur confortable, truff\u00e9 de technologies modernes, vous assure un trajet agr\u00e9able \u00e0 chaque kilom\u00e8tre.<\/p>\n<p>La Micra, c&#8217;est aussi la s\u00e9curit\u00e9 sans compromis et une consommation de carburant qui vous fera sourire \u00e0 la pompe. Maniable et r\u00e9active, elle transforme chaque trajet en un moment de plaisir.<\/p>\n<p>R\u00e9servez d\u00e8s maintenant la Nissan Micra sur notre site et profitez de la libert\u00e9 de rouler avec style et s\u00e9r\u00e9nit\u00e9 !<\/p>","protected":false},"featured_media":4638,"template":"","meta":{"_acf_changed":false,"_seopress_robots_primary_cat":"","_seopress_titles_title":"","_seopress_titles_desc":"","_seopress_robots_index":"","site-sidebar-layout":"default","site-content-layout":"default","ast-main-header-display":"","ast-hfb-above-header-display":"","ast-hfb-below-header-display":"","ast-hfb-mobile-header-display":"","site-post-title":"","ast-breadcrumbs-content":"","ast-featured-img":"","footer-sml-layout":"","theme-transparent-header-meta":"default","adv-header-id-meta":"","stick-header-meta":"","header-above-stick-meta":"","header-main-stick-meta":"","header-below-stick-meta":""},"product_cat":[132],"product_tag":[],"agencies":[34,36,156,33,35],"class_list":{"0":"post-2069","1":"product","2":"type-product","3":"status-publish","4":"has-post-thumbnail","6":"product_cat-tourisme","7":"agencies-agence-location-noumea-anse-vata","8":"agencies-agence-location-noumea-ducos","9":"agencies-agence-location-noumea-centre-ville","10":"agencies-agence-location-aeroport-tontouta","11":"agencies-agence-location-voiture-kone","13":"first","14":"instock","15":"taxable","16":"shipping-taxable","17":"purchasable","18":"product-type-redq_rental"},"acf":[],"_links":{"self":[{"href":"https:\/\/www.budget.nc\/en\/wp-json\/wp\/v2\/product\/2069","targetHints":{"allow":["GET"]}}],"collection":[{"href":"https:\/\/www.budget.nc\/en\/wp-json\/wp\/v2\/product"}],"about":[{"href":"https:\/\/www.budget.nc\/en\/wp-json\/wp\/v2\/types\/product"}],"version-history":[{"count":2,"href":"https:\/\/www.budget.nc\/en\/wp-json\/wp\/v2\/product\/2069\/revisions"}],"predecessor-version":[{"id":5399,"href":"https:\/\/www.budget.nc\/en\/wp-json\/wp\/v2\/product\/2069\/revisions\/5399"}],"wp:featuredmedia":[{"embeddable":true,"href":"https:\/\/www.budget.nc\/en\/wp-json\/wp\/v2\/media\/4638"}],"wp:attachment":[{"href":"https:\/\/www.budget.nc\/en\/wp-json\/wp\/v2\/media?parent=2069"}],"wp:term":[{"taxonomy":"product_cat","embeddable":true,"href":"https:\/\/www.budget.nc\/en\/wp-json\/wp\/v2\/product_cat?post=2069"},{"taxonomy":"product_tag","embeddable":true,"href":"https:\/\/www.budget.nc\/en\/wp-json\/wp\/v2\/product_tag?post=2069"},{"taxonomy":"agencies","embeddable":true,"href":"https:\/\/www.budget.nc\/en\/wp-json\/wp\/v2\/agencies?post=2069"}],"curies":[{"name":"wp","href":"https:\/\/api.w.org\/{rel}","templated":true}]}}