{"id":2068,"date":"2022-02-13T09:54:20","date_gmt":"2022-02-12T22:54:20","guid":{"rendered":"https:\/\/www.budget.nc\/?post_type=product&#038;p=2068"},"modified":"2024-07-03T17:19:18","modified_gmt":"2024-07-03T06:19:18","slug":"kia-new-picanto","status":"publish","type":"product","link":"https:\/\/www.budget.nc\/en\/vehicule\/kia-new-picanto\/","title":{"rendered":"Kia New Picanto (Cat. X)"},"content":{"rendered":"<h3>D\u00e9couvrez la Kia New Picanto<\/h3>\n<p>La Kia New Picanto est le choix id\u00e9al pour vos besoins de location de voiture. Compacte mais spacieuse, cette citadine offre une maniabilit\u00e9 exceptionnelle, parfaite pour se faufiler dans les rues \u00e9troites de la ville ou pour trouver facilement une place de stationnement. Son design moderne et \u00e9l\u00e9gant ne passe pas inaper\u00e7u, tandis que son int\u00e9rieur confortable et bien \u00e9quip\u00e9 assure un trajet agr\u00e9able \u00e0 tous les passagers.<\/p>\n<p>Sous le capot, la New Picanto pr\u00e9sente une motorisation efficiente qui combine performance et \u00e9conomie de carburant, faisant de chaque voyage une exp\u00e9rience \u00e0 la fois dynamique et \u00e9conomique. Les technologies embarqu\u00e9es, comme le syst\u00e8me de navigation int\u00e9gr\u00e9 et la connectivit\u00e9 Bluetooth, garantissent une conduite s\u00e9curis\u00e9e et connect\u00e9e.<\/p>\n<p>Avec ses caract\u00e9ristiques de s\u00e9curit\u00e9 avanc\u00e9es, dont l&#8217;assistance au freinage d&#8217;urgence et le contr\u00f4le \u00e9lectronique de stabilit\u00e9, la Kia New Picanto vous offre une tranquillit\u00e9 d&#8217;esprit \u00e0 chaque kilom\u00e8tre. Pour vos d\u00e9placements professionnels ou vos escapades de fin de semaine, choisissez la Kia New Picanto pour son rapport qualit\u00e9-prix imbattable et sa fiabilit\u00e9 l\u00e9gendaire.<\/p>\n<p>Louez d\u00e8s maintenant la Kia New Picanto et profitez d&#8217;un v\u00e9hicule alliant praticit\u00e9, style et innovation.<\/p>","protected":false},"excerpt":{"rendered":"<h3>D\u00e9couvrez la Kia New Picanto<\/h3>\n<p>La Kia New Picanto est le choix id\u00e9al pour vos besoins de location de voiture. Compacte mais spacieuse, cette citadine offre une maniabilit\u00e9 exceptionnelle, parfaite pour se faufiler dans les rues \u00e9troites de la ville ou pour trouver facilement une place de stationnement. Son design moderne et \u00e9l\u00e9gant ne passe pas inaper\u00e7u, tandis que son int\u00e9rieur confortable et bien \u00e9quip\u00e9 assure un trajet agr\u00e9able \u00e0 tous les passagers.<\/p>\n<p>Sous le capot, la New Picanto pr\u00e9sente une motorisation efficiente qui combine performance et \u00e9conomie de carburant, faisant de chaque voyage une exp\u00e9rience \u00e0 la fois dynamique et \u00e9conomique. Les technologies embarqu\u00e9es, comme le syst\u00e8me de navigation int\u00e9gr\u00e9 et la connectivit\u00e9 Bluetooth, garantissent une conduite s\u00e9curis\u00e9e et connect\u00e9e.<\/p>\n<p>Avec ses caract\u00e9ristiques de s\u00e9curit\u00e9 avanc\u00e9es, dont l&#8217;assistance au freinage d&#8217;urgence et le contr\u00f4le \u00e9lectronique de stabilit\u00e9, la Kia New Picanto vous offre une tranquillit\u00e9 d&#8217;esprit \u00e0 chaque kilom\u00e8tre. Pour vos d\u00e9placements professionnels ou vos escapades de fin de semaine, choisissez la Kia New Picanto pour son rapport qualit\u00e9-prix imbattable et sa fiabilit\u00e9 l\u00e9gendaire.<\/p>\n<p>Louez d\u00e8s maintenant la Kia New Picanto et profitez d&#8217;un v\u00e9hicule alliant praticit\u00e9, style et innovation.<\/p>","protected":false},"featured_media":5396,"template":"","meta":{"_acf_changed":false,"_seopress_robots_primary_cat":"","_seopress_titles_title":"","_seopress_titles_desc":"","_seopress_robots_index":"","site-sidebar-layout":"default","site-content-layout":"default","ast-main-header-display":"","ast-hfb-above-header-display":"","ast-hfb-below-header-display":"","ast-hfb-mobile-header-display":"","site-post-title":"","ast-breadcrumbs-content":"","ast-featured-img":"","footer-sml-layout":"","theme-transparent-header-meta":"default","adv-header-id-meta":"","stick-header-meta":"","header-above-stick-meta":"","header-main-stick-meta":"","header-below-stick-meta":""},"product_cat":[132],"product_tag":[],"agencies":[34,36,156,33,35],"class_list":{"0":"post-2068","1":"product","2":"type-product","3":"status-publish","4":"has-post-thumbnail","6":"product_cat-tourisme","7":"agencies-agence-location-noumea-anse-vata","8":"agencies-agence-location-noumea-ducos","9":"agencies-agence-location-noumea-centre-ville","10":"agencies-agence-location-aeroport-tontouta","11":"agencies-agence-location-voiture-kone","13":"first","14":"instock","15":"taxable","16":"shipping-taxable","17":"purchasable","18":"product-type-redq_rental"},"acf":[],"_links":{"self":[{"href":"https:\/\/www.budget.nc\/en\/wp-json\/wp\/v2\/product\/2068","targetHints":{"allow":["GET"]}}],"collection":[{"href":"https:\/\/www.budget.nc\/en\/wp-json\/wp\/v2\/product"}],"about":[{"href":"https:\/\/www.budget.nc\/en\/wp-json\/wp\/v2\/types\/product"}],"version-history":[{"count":3,"href":"https:\/\/www.budget.nc\/en\/wp-json\/wp\/v2\/product\/2068\/revisions"}],"predecessor-version":[{"id":5397,"href":"https:\/\/www.budget.nc\/en\/wp-json\/wp\/v2\/product\/2068\/revisions\/5397"}],"wp:featuredmedia":[{"embeddable":true,"href":"https:\/\/www.budget.nc\/en\/wp-json\/wp\/v2\/media\/5396"}],"wp:attachment":[{"href":"https:\/\/www.budget.nc\/en\/wp-json\/wp\/v2\/media?parent=2068"}],"wp:term":[{"taxonomy":"product_cat","embeddable":true,"href":"https:\/\/www.budget.nc\/en\/wp-json\/wp\/v2\/product_cat?post=2068"},{"taxonomy":"product_tag","embeddable":true,"href":"https:\/\/www.budget.nc\/en\/wp-json\/wp\/v2\/product_tag?post=2068"},{"taxonomy":"agencies","embeddable":true,"href":"https:\/\/www.budget.nc\/en\/wp-json\/wp\/v2\/agencies?post=2068"}],"curies":[{"name":"wp","href":"https:\/\/api.w.org\/{rel}","templated":true}]}}