{"id":2067,"date":"2022-02-13T09:51:02","date_gmt":"2022-02-12T22:51:02","guid":{"rendered":"https:\/\/www.budget.nc\/?post_type=product&#038;p=2067"},"modified":"2024-07-03T17:32:38","modified_gmt":"2024-07-03T06:32:38","slug":"hyundai-i20","status":"publish","type":"product","link":"https:\/\/www.budget.nc\/en\/vehicule\/hyundai-i20\/","title":{"rendered":"Hyundai i20 (Cat. C)"},"content":{"rendered":"<h3>La citadine boite automatique<\/h3>\n<p>Vivez la route autrement avec la Hyundai i20 ! Compacte et chic, cette citadine est parfaite pour explorer la ville avec style. Son int\u00e9rieur spacieux et moderne vous offre tout le confort n\u00e9cessaire, agr\u00e9ment\u00e9 des derni\u00e8res technologies pour une exp\u00e9rience de conduite optimale.<\/p>\n<p>La Hyundai i20 allie s\u00e9curit\u00e9 et performance, tout en \u00e9tant \u00e9conomique \u00e0 la pompe. Sa maniabilit\u00e9 exceptionnelle fait de chaque trajet un pur plaisir.<\/p>\n<p>R\u00e9servez d\u00e8s maintenant la Hyundai i20 sur notre site et savourez la joie de conduire un v\u00e9hicule fiable et \u00e9l\u00e9gant, id\u00e9al pour toutes vos escapades urbaines !<\/p>","protected":false},"excerpt":{"rendered":"<h3>La citadine boite automatique<\/h3>\n<p>Vivez la route autrement avec la Hyundai i20 ! Compacte et chic, cette citadine est parfaite pour explorer la ville avec style. Son int\u00e9rieur spacieux et moderne vous offre tout le confort n\u00e9cessaire, agr\u00e9ment\u00e9 des derni\u00e8res technologies pour une exp\u00e9rience de conduite optimale.<\/p>\n<p>La Hyundai i20 allie s\u00e9curit\u00e9 et performance, tout en \u00e9tant \u00e9conomique \u00e0 la pompe. Sa maniabilit\u00e9 exceptionnelle fait de chaque trajet un pur plaisir.<\/p>\n<p>R\u00e9servez d\u00e8s maintenant la Hyundai i20 sur notre site et savourez la joie de conduire un v\u00e9hicule fiable et \u00e9l\u00e9gant, id\u00e9al pour toutes vos escapades urbaines !<\/p>","protected":false},"featured_media":5400,"template":"","meta":{"_acf_changed":false,"_seopress_robots_primary_cat":"","_seopress_titles_title":"","_seopress_titles_desc":"","_seopress_robots_index":"","site-sidebar-layout":"default","site-content-layout":"default","ast-main-header-display":"","ast-hfb-above-header-display":"","ast-hfb-below-header-display":"","ast-hfb-mobile-header-display":"","site-post-title":"","ast-breadcrumbs-content":"","ast-featured-img":"","footer-sml-layout":"","theme-transparent-header-meta":"default","adv-header-id-meta":"","stick-header-meta":"","header-above-stick-meta":"","header-main-stick-meta":"","header-below-stick-meta":""},"product_cat":[132],"product_tag":[],"agencies":[34,36,156,33,35],"class_list":{"0":"post-2067","1":"product","2":"type-product","3":"status-publish","4":"has-post-thumbnail","6":"product_cat-tourisme","7":"agencies-agence-location-noumea-anse-vata","8":"agencies-agence-location-noumea-ducos","9":"agencies-agence-location-noumea-centre-ville","10":"agencies-agence-location-aeroport-tontouta","11":"agencies-agence-location-voiture-kone","13":"first","14":"instock","15":"taxable","16":"shipping-taxable","17":"purchasable","18":"product-type-redq_rental"},"acf":[],"_links":{"self":[{"href":"https:\/\/www.budget.nc\/en\/wp-json\/wp\/v2\/product\/2067","targetHints":{"allow":["GET"]}}],"collection":[{"href":"https:\/\/www.budget.nc\/en\/wp-json\/wp\/v2\/product"}],"about":[{"href":"https:\/\/www.budget.nc\/en\/wp-json\/wp\/v2\/types\/product"}],"version-history":[{"count":4,"href":"https:\/\/www.budget.nc\/en\/wp-json\/wp\/v2\/product\/2067\/revisions"}],"predecessor-version":[{"id":5402,"href":"https:\/\/www.budget.nc\/en\/wp-json\/wp\/v2\/product\/2067\/revisions\/5402"}],"wp:featuredmedia":[{"embeddable":true,"href":"https:\/\/www.budget.nc\/en\/wp-json\/wp\/v2\/media\/5400"}],"wp:attachment":[{"href":"https:\/\/www.budget.nc\/en\/wp-json\/wp\/v2\/media?parent=2067"}],"wp:term":[{"taxonomy":"product_cat","embeddable":true,"href":"https:\/\/www.budget.nc\/en\/wp-json\/wp\/v2\/product_cat?post=2067"},{"taxonomy":"product_tag","embeddable":true,"href":"https:\/\/www.budget.nc\/en\/wp-json\/wp\/v2\/product_tag?post=2067"},{"taxonomy":"agencies","embeddable":true,"href":"https:\/\/www.budget.nc\/en\/wp-json\/wp\/v2\/agencies?post=2067"}],"curies":[{"name":"wp","href":"https:\/\/api.w.org\/{rel}","templated":true}]}}