{"id":2060,"date":"2022-02-13T09:44:12","date_gmt":"2022-02-12T22:44:12","guid":{"rendered":"https:\/\/www.budget.nc\/?post_type=product&#038;p=2060"},"modified":"2024-07-03T18:13:31","modified_gmt":"2024-07-03T07:13:31","slug":"changan-cs35","status":"publish","type":"product","link":"https:\/\/www.budget.nc\/en\/vehicule\/changan-cs35\/","title":{"rendered":"Changan CS35+ (Cat. I)"},"content":{"rendered":"<h3>Le Changan CS35 Plus<\/h3>\n<p>Embarquez pour une nouvelle aventure avec le Changan CS35 Plus ! Ce SUV compact et \u00e9l\u00e9gant est con\u00e7u pour offrir un maximum de confort et de plaisir de conduite. Avec son int\u00e9rieur spacieux et ses \u00e9quipements modernes, chaque trajet devient une exp\u00e9rience agr\u00e9able et sophistiqu\u00e9e.<\/p>\n<p>Le Changan CS35 Plus se distingue par sa s\u00e9curit\u00e9, ses performances robustes et son \u00e9conomie de carburant. Sa maniabilit\u00e9 et son design dynamique en font le choix id\u00e9al pour ceux qui recherchent \u00e0 la fois style et fonctionnalit\u00e9.<\/p>\n<p>R\u00e9servez d\u00e8s maintenant le Changan CS35 Plus sur notre site et savourez la libert\u00e9 de conduire un SUV moderne, performant et \u00e9l\u00e9gant, pr\u00eat \u00e0 vous accompagner dans toutes vos aventures !<\/p>","protected":false},"excerpt":{"rendered":"<h3>Le Changan CS35 Plus<\/h3>\n<p>Embarquez pour une nouvelle aventure avec le Changan CS35 Plus ! Ce SUV compact et \u00e9l\u00e9gant est con\u00e7u pour offrir un maximum de confort et de plaisir de conduite. Avec son int\u00e9rieur spacieux et ses \u00e9quipements modernes, chaque trajet devient une exp\u00e9rience agr\u00e9able et sophistiqu\u00e9e.<\/p>\n<p>Le Changan CS35 Plus se distingue par sa s\u00e9curit\u00e9, ses performances robustes et son \u00e9conomie de carburant. Sa maniabilit\u00e9 et son design dynamique en font le choix id\u00e9al pour ceux qui recherchent \u00e0 la fois style et fonctionnalit\u00e9.<\/p>\n<p>R\u00e9servez d\u00e8s maintenant le Changan CS35 Plus sur notre site et savourez la libert\u00e9 de conduire un SUV moderne, performant et \u00e9l\u00e9gant, pr\u00eat \u00e0 vous accompagner dans toutes vos aventures !<\/p>","protected":false},"featured_media":5415,"template":"","meta":{"_acf_changed":false,"_seopress_robots_primary_cat":"","_seopress_titles_title":"","_seopress_titles_desc":"","_seopress_robots_index":"","site-sidebar-layout":"default","site-content-layout":"default","ast-main-header-display":"","ast-hfb-above-header-display":"","ast-hfb-below-header-display":"","ast-hfb-mobile-header-display":"","site-post-title":"","ast-breadcrumbs-content":"","ast-featured-img":"","footer-sml-layout":"","theme-transparent-header-meta":"default","adv-header-id-meta":"","stick-header-meta":"","header-above-stick-meta":"","header-main-stick-meta":"","header-below-stick-meta":""},"product_cat":[132],"product_tag":[],"agencies":[34,36,156,33,35],"class_list":{"0":"post-2060","1":"product","2":"type-product","3":"status-publish","4":"has-post-thumbnail","6":"product_cat-tourisme","7":"agencies-agence-location-noumea-anse-vata","8":"agencies-agence-location-noumea-ducos","9":"agencies-agence-location-noumea-centre-ville","10":"agencies-agence-location-aeroport-tontouta","11":"agencies-agence-location-voiture-kone","13":"first","14":"instock","15":"taxable","16":"shipping-taxable","17":"purchasable","18":"product-type-redq_rental"},"acf":[],"_links":{"self":[{"href":"https:\/\/www.budget.nc\/en\/wp-json\/wp\/v2\/product\/2060","targetHints":{"allow":["GET"]}}],"collection":[{"href":"https:\/\/www.budget.nc\/en\/wp-json\/wp\/v2\/product"}],"about":[{"href":"https:\/\/www.budget.nc\/en\/wp-json\/wp\/v2\/types\/product"}],"version-history":[{"count":4,"href":"https:\/\/www.budget.nc\/en\/wp-json\/wp\/v2\/product\/2060\/revisions"}],"predecessor-version":[{"id":5417,"href":"https:\/\/www.budget.nc\/en\/wp-json\/wp\/v2\/product\/2060\/revisions\/5417"}],"wp:featuredmedia":[{"embeddable":true,"href":"https:\/\/www.budget.nc\/en\/wp-json\/wp\/v2\/media\/5415"}],"wp:attachment":[{"href":"https:\/\/www.budget.nc\/en\/wp-json\/wp\/v2\/media?parent=2060"}],"wp:term":[{"taxonomy":"product_cat","embeddable":true,"href":"https:\/\/www.budget.nc\/en\/wp-json\/wp\/v2\/product_cat?post=2060"},{"taxonomy":"product_tag","embeddable":true,"href":"https:\/\/www.budget.nc\/en\/wp-json\/wp\/v2\/product_tag?post=2060"},{"taxonomy":"agencies","embeddable":true,"href":"https:\/\/www.budget.nc\/en\/wp-json\/wp\/v2\/agencies?post=2060"}],"curies":[{"name":"wp","href":"https:\/\/api.w.org\/{rel}","templated":true}]}}