{"id":1129,"date":"2021-12-22T10:36:47","date_gmt":"2021-12-22T10:36:47","guid":{"rendered":"https:\/\/www.budget.nc\/?page_id=1129"},"modified":"2024-05-28T13:42:15","modified_gmt":"2024-05-28T02:42:15","slug":"regles-de-conduite","status":"publish","type":"page","link":"https:\/\/www.budget.nc\/en\/regles-de-conduite\/","title":{"rendered":"R\u00e8gles de conduite"},"content":{"rendered":"<div data-elementor-type=\"wp-page\" data-elementor-id=\"1129\" class=\"elementor elementor-1129\">\n\t\t\t\t\t\t<section class=\"elementor-section elementor-top-section elementor-element elementor-element-082e627 elementor-section-height-min-height elementor-section-stretched elementor-section-boxed elementor-section-height-default elementor-section-items-middle\" data-id=\"082e627\" data-element_type=\"section\" data-settings=\"{&quot;stretch_section&quot;:&quot;section-stretched&quot;,&quot;background_background&quot;:&quot;classic&quot;}\">\n\t\t\t\t\t\t<div class=\"elementor-container elementor-column-gap-default\">\n\t\t\t\t\t<div class=\"elementor-column elementor-col-100 elementor-top-column elementor-element elementor-element-3254f71\" data-id=\"3254f71\" data-element_type=\"column\">\n\t\t\t<div class=\"elementor-widget-wrap elementor-element-populated\">\n\t\t\t\t\t\t<div class=\"elementor-element elementor-element-48b9fee elementor-widget__width-auto elementor-hidden-mobile elementor-widget elementor-widget-heading\" data-id=\"48b9fee\" data-element_type=\"widget\" data-widget_type=\"heading.default\">\n\t\t\t\t<div class=\"elementor-widget-container\">\n\t\t\t<style>\/*! elementor - v3.21.0 - 26-05-2024 *\/\n.elementor-heading-title{padding:0;margin:0;line-height:1}.elementor-widget-heading .elementor-heading-title[class*=elementor-size-]>a{color:inherit;font-size:inherit;line-height:inherit}.elementor-widget-heading .elementor-heading-title.elementor-size-small{font-size:15px}.elementor-widget-heading .elementor-heading-title.elementor-size-medium{font-size:19px}.elementor-widget-heading .elementor-heading-title.elementor-size-large{font-size:29px}.elementor-widget-heading .elementor-heading-title.elementor-size-xl{font-size:39px}.elementor-widget-heading .elementor-heading-title.elementor-size-xxl{font-size:59px}<\/style><h1 class=\"elementor-heading-title elementor-size-default\">R\u00e8gles de conduite<\/h1>\t\t<\/div>\n\t\t\t\t<\/div>\n\t\t\t\t<div class=\"elementor-element elementor-element-90bc69d elementor-widget__width-auto elementor-hidden-desktop elementor-hidden-tablet elementor-widget elementor-widget-heading\" data-id=\"90bc69d\" data-element_type=\"widget\" data-widget_type=\"heading.default\">\n\t\t\t\t<div class=\"elementor-widget-container\">\n\t\t\t<h2 class=\"elementor-heading-title elementor-size-default\">R\u00e8gles de conduite<\/h2>\t\t<\/div>\n\t\t\t\t<\/div>\n\t\t\t\t\t<\/div>\n\t\t<\/div>\n\t\t\t\t\t<\/div>\n\t\t<\/section>\n\t\t\t\t<section class=\"elementor-section elementor-top-section elementor-element elementor-element-77383be elementor-section-boxed elementor-section-height-default elementor-section-height-default\" data-id=\"77383be\" data-element_type=\"section\">\n\t\t\t\t\t\t<div class=\"elementor-container elementor-column-gap-default\">\n\t\t\t\t\t<div class=\"elementor-column elementor-col-100 elementor-top-column elementor-element elementor-element-c58c0ff\" data-id=\"c58c0ff\" data-element_type=\"column\">\n\t\t\t<div class=\"elementor-widget-wrap elementor-element-populated\">\n\t\t\t\t\t\t<div class=\"elementor-element elementor-element-dcb178d elementor-widget elementor-widget-heading\" data-id=\"dcb178d\" data-element_type=\"widget\" data-widget_type=\"heading.default\">\n\t\t\t\t<div class=\"elementor-widget-container\">\n\t\t\t<h2 class=\"elementor-heading-title elementor-size-default\">Sur la route<\/h2>\t\t<\/div>\n\t\t\t\t<\/div>\n\t\t\t\t<div class=\"elementor-element elementor-element-41e2f8b elementor-widget elementor-widget-text-editor\" data-id=\"41e2f8b\" data-element_type=\"widget\" data-widget_type=\"text-editor.default\">\n\t\t\t\t<div class=\"elementor-widget-container\">\n\t\t\t<style>\/*! elementor - v3.21.0 - 26-05-2024 *\/\n.elementor-widget-text-editor.elementor-drop-cap-view-stacked .elementor-drop-cap{background-color:#69727d;color:#fff}.elementor-widget-text-editor.elementor-drop-cap-view-framed .elementor-drop-cap{color:#69727d;border:3px solid;background-color:transparent}.elementor-widget-text-editor:not(.elementor-drop-cap-view-default) .elementor-drop-cap{margin-top:8px}.elementor-widget-text-editor:not(.elementor-drop-cap-view-default) .elementor-drop-cap-letter{width:1em;height:1em}.elementor-widget-text-editor .elementor-drop-cap{float:left;text-align:center;line-height:1;font-size:50px}.elementor-widget-text-editor .elementor-drop-cap-letter{display:inline-block}<\/style>\t\t\t\t<p>La Nouvelle-Cal\u00e9donie applique le m\u00eame code de la route que les autorit\u00e9s fran\u00e7aises. Le code de la route est le m\u00eame qu\u2019en m\u00e9tropole. La conduite se fait du c\u00f4t\u00e9 droit de la route. Aux intersections sans signalisation particuli\u00e8re, la priorit\u00e9 est au v\u00e9hicule arrivant de droite.<\/p>\t\t\t\t\t\t<\/div>\n\t\t\t\t<\/div>\n\t\t\t\t<div class=\"elementor-element elementor-element-b4f9725 elementor-widget elementor-widget-heading\" data-id=\"b4f9725\" data-element_type=\"widget\" data-widget_type=\"heading.default\">\n\t\t\t\t<div class=\"elementor-widget-container\">\n\t\t\t<h2 class=\"elementor-heading-title elementor-size-default\">Limitation de vitesse<\/h2>\t\t<\/div>\n\t\t\t\t<\/div>\n\t\t\t\t<div class=\"elementor-element elementor-element-6c38f13 elementor-widget elementor-widget-text-editor\" data-id=\"6c38f13\" data-element_type=\"widget\" data-widget_type=\"text-editor.default\">\n\t\t\t\t<div class=\"elementor-widget-container\">\n\t\t\t\t\t\t\t<p>En dehors de signalisation particuli\u00e8re, les limitations de vitesse en Nouvelle-Cal\u00e9donie sont les suivantes :<\/p><ul><li>Agglom\u00e9ration : 50 km\/h<\/li><li>SAV Express : 70 km\/h<\/li><li>Hors Agglom\u00e9ration : 110 km\/h (sauf signalisation sp\u00e9cifique)<\/li><\/ul>\t\t\t\t\t\t<\/div>\n\t\t\t\t<\/div>\n\t\t\t\t<div class=\"elementor-element elementor-element-e0434a7 elementor-widget elementor-widget-heading\" data-id=\"e0434a7\" data-element_type=\"widget\" data-widget_type=\"heading.default\">\n\t\t\t\t<div class=\"elementor-widget-container\">\n\t\t\t<h2 class=\"elementor-heading-title elementor-size-default\">P\u00e9ages et parking<\/h2>\t\t<\/div>\n\t\t\t\t<\/div>\n\t\t\t\t<div class=\"elementor-element elementor-element-5058e1b elementor-widget elementor-widget-text-editor\" data-id=\"5058e1b\" data-element_type=\"widget\" data-widget_type=\"text-editor.default\">\n\t\t\t\t<div class=\"elementor-widget-container\">\n\t\t\t\t\t\t\t<p>Il n\u2019 y a aucune route \u00e0 p\u00e9age en Nouvelle-Cal\u00e9donie, toutes les routes sont gratuites.\u00a0<\/p><p>Le stationnement \u00e0 Noum\u00e9a peut \u00eatre payant en fonction des zones de la ville. En centre ville, il y a deux types de zones, rouge et bleu, le paiement se fait aux bornes horodateur. Dans les autres quartiers de la ville, le stationnement est g\u00e9n\u00e9ralement gratuit. Le stationnement est gratuit le dimanche de partout. Pour des raisons de s\u00e9curit\u00e9, il est pr\u00e9f\u00e9rable de laisser sa voiture sur un parking surveill\u00e9.\u00a0<\/p>\t\t\t\t\t\t<\/div>\n\t\t\t\t<\/div>\n\t\t\t\t<div class=\"elementor-element elementor-element-9cdfe25 elementor-widget elementor-widget-heading\" data-id=\"9cdfe25\" data-element_type=\"widget\" data-widget_type=\"heading.default\">\n\t\t\t\t<div class=\"elementor-widget-container\">\n\t\t\t<h2 class=\"elementor-heading-title elementor-size-default\">Carburant<\/h2>\t\t<\/div>\n\t\t\t\t<\/div>\n\t\t\t\t<div class=\"elementor-element elementor-element-3939b5e elementor-widget elementor-widget-text-editor\" data-id=\"3939b5e\" data-element_type=\"widget\" data-widget_type=\"text-editor.default\">\n\t\t\t\t<div class=\"elementor-widget-container\">\n\t\t\t\t\t\t\t<p>Le prix des carburants est moins \u00e9lev\u00e9 en Nouvelle-Cal\u00e9donie que dans l\u2019hexagone. Vous trouverez des stations services dans la plupart des villes. En r\u00e8gle g\u00e9n\u00e9rale, vous ne remplissez pas vous-m\u00eame votre r\u00e9servoir mais des employ\u00e9s s\u2019en chargent. Le tarif des carburant est fix\u00e9 par le gouvernement local, il est le m\u00eame dans toutes les stations au m\u00eame moment.<\/p>\t\t\t\t\t\t<\/div>\n\t\t\t\t<\/div>\n\t\t\t\t<div class=\"elementor-element elementor-element-582d61f elementor-widget elementor-widget-heading\" data-id=\"582d61f\" data-element_type=\"widget\" data-widget_type=\"heading.default\">\n\t\t\t\t<div class=\"elementor-widget-container\">\n\t\t\t<h2 class=\"elementor-heading-title elementor-size-default\">Permis de conduire<\/h2>\t\t<\/div>\n\t\t\t\t<\/div>\n\t\t\t\t<div class=\"elementor-element elementor-element-c7a6df4 elementor-widget elementor-widget-text-editor\" data-id=\"c7a6df4\" data-element_type=\"widget\" data-widget_type=\"text-editor.default\">\n\t\t\t\t<div class=\"elementor-widget-container\">\n\t\t\t\t\t\t\t<p>Pour rouler et louer une voiture en Nouvelle-Cal\u00e9donie, vous aurez besoin d\u2019un permis de conduire valide. Celui-ci devra avoir \u00e9t\u00e9 d\u00e9livr\u00e9 en France ou dans l\u2019Union Europ\u00e9enne. Un permis de conduire international convient \u00e9galement.<\/p>\t\t\t\t\t\t<\/div>\n\t\t\t\t<\/div>\n\t\t\t\t\t<\/div>\n\t\t<\/div>\n\t\t\t\t\t<\/div>\n\t\t<\/section>\n\t\t\t\t<\/div>","protected":false},"excerpt":{"rendered":"<p>R\u00e8gles de conduite R\u00e8gles de conduite Sur la route La Nouvelle-Cal\u00e9donie applique le m\u00eame code de la route que les autorit\u00e9s fran\u00e7aises. Le code de la route est le m\u00eame qu\u2019en m\u00e9tropole. La conduite se fait du c\u00f4t\u00e9 droit de la route. Aux intersections sans signalisation particuli\u00e8re, la priorit\u00e9 est au v\u00e9hicule arrivant de droite. &hellip;<\/p>\n<p class=\"read-more\"> <a class=\"\" href=\"https:\/\/www.budget.nc\/en\/regles-de-conduite\/\"> <span class=\"screen-reader-text\">R\u00e8gles de conduite<\/span> Read More &raquo;<\/a><\/p>","protected":false},"author":4,"featured_media":0,"parent":0,"menu_order":0,"comment_status":"closed","ping_status":"closed","template":"","meta":{"_acf_changed":false,"_seopress_robots_primary_cat":"","_seopress_titles_title":"","_seopress_titles_desc":"","_seopress_robots_index":"","site-sidebar-layout":"no-sidebar","site-content-layout":"page-builder","ast-main-header-display":"","ast-hfb-above-header-display":"","ast-hfb-below-header-display":"","ast-hfb-mobile-header-display":"","site-post-title":"disabled","ast-breadcrumbs-content":"","ast-featured-img":"disabled","footer-sml-layout":"","theme-transparent-header-meta":"default","adv-header-id-meta":"","stick-header-meta":"","header-above-stick-meta":"","header-main-stick-meta":"","header-below-stick-meta":"","footnotes":""},"class_list":["post-1129","page","type-page","status-publish","hentry"],"acf":[],"_links":{"self":[{"href":"https:\/\/www.budget.nc\/en\/wp-json\/wp\/v2\/pages\/1129","targetHints":{"allow":["GET"]}}],"collection":[{"href":"https:\/\/www.budget.nc\/en\/wp-json\/wp\/v2\/pages"}],"about":[{"href":"https:\/\/www.budget.nc\/en\/wp-json\/wp\/v2\/types\/page"}],"author":[{"embeddable":true,"href":"https:\/\/www.budget.nc\/en\/wp-json\/wp\/v2\/users\/4"}],"replies":[{"embeddable":true,"href":"https:\/\/www.budget.nc\/en\/wp-json\/wp\/v2\/comments?post=1129"}],"version-history":[{"count":6,"href":"https:\/\/www.budget.nc\/en\/wp-json\/wp\/v2\/pages\/1129\/revisions"}],"predecessor-version":[{"id":5326,"href":"https:\/\/www.budget.nc\/en\/wp-json\/wp\/v2\/pages\/1129\/revisions\/5326"}],"wp:attachment":[{"href":"https:\/\/www.budget.nc\/en\/wp-json\/wp\/v2\/media?parent=1129"}],"curies":[{"name":"wp","href":"https:\/\/api.w.org\/{rel}","templated":true}]}}