{"id":1115,"date":"2021-12-22T10:34:59","date_gmt":"2021-12-22T10:34:59","guid":{"rendered":"https:\/\/www.budget.nc\/?page_id=1115"},"modified":"2023-08-02T14:37:26","modified_gmt":"2023-08-02T03:37:26","slug":"carrieres","status":"publish","type":"page","link":"https:\/\/www.budget.nc\/en\/carrieres\/","title":{"rendered":"Carri\u00e8res"},"content":{"rendered":"<div data-elementor-type=\"wp-page\" data-elementor-id=\"1115\" class=\"elementor elementor-1115\">\n\t\t\t\t\t\t<section class=\"elementor-section elementor-top-section elementor-element elementor-element-6b3c8f2 elementor-section-height-min-height elementor-section-boxed elementor-section-height-default elementor-section-items-middle\" data-id=\"6b3c8f2\" data-element_type=\"section\" data-settings=\"{&quot;background_background&quot;:&quot;classic&quot;}\">\n\t\t\t\t\t\t<div class=\"elementor-container elementor-column-gap-default\">\n\t\t\t\t\t<div class=\"elementor-column elementor-col-100 elementor-top-column elementor-element elementor-element-039f488\" data-id=\"039f488\" data-element_type=\"column\">\n\t\t\t<div class=\"elementor-widget-wrap elementor-element-populated\">\n\t\t\t\t\t\t<div class=\"elementor-element elementor-element-b75851b elementor-widget__width-auto elementor-hidden-mobile elementor-widget elementor-widget-heading\" data-id=\"b75851b\" data-element_type=\"widget\" data-widget_type=\"heading.default\">\n\t\t\t\t<div class=\"elementor-widget-container\">\n\t\t\t<style>\/*! elementor - v3.21.0 - 26-05-2024 *\/\n.elementor-heading-title{padding:0;margin:0;line-height:1}.elementor-widget-heading .elementor-heading-title[class*=elementor-size-]>a{color:inherit;font-size:inherit;line-height:inherit}.elementor-widget-heading .elementor-heading-title.elementor-size-small{font-size:15px}.elementor-widget-heading .elementor-heading-title.elementor-size-medium{font-size:19px}.elementor-widget-heading .elementor-heading-title.elementor-size-large{font-size:29px}.elementor-widget-heading .elementor-heading-title.elementor-size-xl{font-size:39px}.elementor-widget-heading .elementor-heading-title.elementor-size-xxl{font-size:59px}<\/style><h1 class=\"elementor-heading-title elementor-size-default\">NOUS REJOINDRE<\/h1>\t\t<\/div>\n\t\t\t\t<\/div>\n\t\t\t\t<div class=\"elementor-element elementor-element-b8326c1 elementor-widget__width-auto elementor-hidden-desktop elementor-hidden-tablet elementor-widget elementor-widget-heading\" data-id=\"b8326c1\" data-element_type=\"widget\" data-widget_type=\"heading.default\">\n\t\t\t\t<div class=\"elementor-widget-container\">\n\t\t\t<h2 class=\"elementor-heading-title elementor-size-default\">FACILITEZ LA MOBILIT\u00c9<\/h2>\t\t<\/div>\n\t\t\t\t<\/div>\n\t\t\t\t<div class=\"elementor-element elementor-element-e34375d elementor-widget__width-auto elementor-hidden-desktop elementor-hidden-tablet elementor-widget elementor-widget-heading\" data-id=\"e34375d\" data-element_type=\"widget\" data-widget_type=\"heading.default\">\n\t\t\t\t<div class=\"elementor-widget-container\">\n\t\t\t<h2 class=\"elementor-heading-title elementor-size-default\">DE VOS \u00c9QUIPES<\/h2>\t\t<\/div>\n\t\t\t\t<\/div>\n\t\t\t\t<section class=\"elementor-section elementor-inner-section elementor-element elementor-element-5d61ea0 elementor-hidden-mobile elementor-hidden-desktop elementor-hidden-tablet elementor-section-boxed elementor-section-height-default elementor-section-height-default\" data-id=\"5d61ea0\" data-element_type=\"section\">\n\t\t\t\t\t\t<div class=\"elementor-container elementor-column-gap-default\">\n\t\t\t\t\t<div class=\"elementor-column elementor-col-100 elementor-inner-column elementor-element elementor-element-eae598a\" data-id=\"eae598a\" data-element_type=\"column\">\n\t\t\t<div class=\"elementor-widget-wrap elementor-element-populated\">\n\t\t\t\t\t\t<div class=\"elementor-element elementor-element-28ce0b3 elementor-widget elementor-widget-shortcode\" data-id=\"28ce0b3\" data-element_type=\"widget\" data-widget_type=\"shortcode.default\">\n\t\t\t\t<div class=\"elementor-widget-container\">\n\t\t\t\t\t<div class=\"elementor-shortcode\">[reactive key=\"712\"]<\/div>\n\t\t\t\t<\/div>\n\t\t\t\t<\/div>\n\t\t\t\t\t<\/div>\n\t\t<\/div>\n\t\t\t\t\t<\/div>\n\t\t<\/section>\n\t\t\t\t\t<\/div>\n\t\t<\/div>\n\t\t\t\t\t<\/div>\n\t\t<\/section>\n\t\t\t\t<section class=\"elementor-section elementor-top-section elementor-element elementor-element-15b5c09 elementor-section-full_width elementor-section-height-min-height elementor-section-items-stretch elementor-section-stretched elementor-section-height-default\" data-id=\"15b5c09\" data-element_type=\"section\" data-settings=\"{&quot;stretch_section&quot;:&quot;section-stretched&quot;,&quot;background_background&quot;:&quot;classic&quot;}\">\n\t\t\t\t\t\t<div class=\"elementor-container elementor-column-gap-no\">\n\t\t\t\t\t<div class=\"elementor-column elementor-col-50 elementor-top-column elementor-element elementor-element-ae6b89c left-orange\" data-id=\"ae6b89c\" data-element_type=\"column\">\n\t\t\t<div class=\"elementor-widget-wrap elementor-element-populated\">\n\t\t\t\t\t\t<div class=\"elementor-element elementor-element-eaa6e0a elementor-widget elementor-widget-heading\" data-id=\"eaa6e0a\" data-element_type=\"widget\" data-widget_type=\"heading.default\">\n\t\t\t\t<div class=\"elementor-widget-container\">\n\t\t\t<h4 class=\"elementor-heading-title elementor-size-default\">Bienvenue chez Budget NC<\/h4>\t\t<\/div>\n\t\t\t\t<\/div>\n\t\t\t\t<div class=\"elementor-element elementor-element-cdaeff1 elementor-widget__width-initial elementor-widget elementor-widget-text-editor\" data-id=\"cdaeff1\" data-element_type=\"widget\" data-widget_type=\"text-editor.default\">\n\t\t\t\t<div class=\"elementor-widget-container\">\n\t\t\t<style>\/*! elementor - v3.21.0 - 26-05-2024 *\/\n.elementor-widget-text-editor.elementor-drop-cap-view-stacked .elementor-drop-cap{background-color:#69727d;color:#fff}.elementor-widget-text-editor.elementor-drop-cap-view-framed .elementor-drop-cap{color:#69727d;border:3px solid;background-color:transparent}.elementor-widget-text-editor:not(.elementor-drop-cap-view-default) .elementor-drop-cap{margin-top:8px}.elementor-widget-text-editor:not(.elementor-drop-cap-view-default) .elementor-drop-cap-letter{width:1em;height:1em}.elementor-widget-text-editor .elementor-drop-cap{float:left;text-align:center;line-height:1;font-size:50px}.elementor-widget-text-editor .elementor-drop-cap-letter{display:inline-block}<\/style>\t\t\t\t<p>Vous recherchez une opportunit\u00e9 professionnelle stimulante dans un environnement dynamique et innovant ? Vous \u00eates passionn\u00e9(e) par l&#8217;univers touristique et les m\u00e9tiers du service ? Alors, vous \u00eates au bon endroit !<\/p><p><strong>Pourquoi rejoindre notre \u00e9quipe ?<\/strong><\/p><p>Chez Budget Nouvelle Cal\u00e9donie, nous croyons que nos collaborateurs sont notre atout le plus pr\u00e9cieux. Nous nous effor\u00e7ons de cr\u00e9er un environnement de travail inclusif, collaboratif et propice \u00e0 l&#8217;\u00e9panouissement professionnel. Voici quelques raisons de rejoindre notre \u00e9quipe :<\/p><p>Culture d&#8217;entreprise forte : Nous valorisons la diversit\u00e9, le respect, et la cr\u00e9ativit\u00e9. Chaque voix compte, et nous encourageons nos employ\u00e9s \u00e0 apporter leurs id\u00e9es et leur expertise pour contribuer au succ\u00e8s collectif.<\/p><p>Opportunit\u00e9s de d\u00e9veloppement : Nous croyons en l&#8217;apprentissage continu et offrons des programmes de formation adapt\u00e9s pour aider nos collaborateurs \u00e0 d\u00e9velopper leurs comp\u00e9tences et \u00e0 progresser dans leur carri\u00e8re.<\/p>\t\t\t\t\t\t<\/div>\n\t\t\t\t<\/div>\n\t\t\t\t\t<\/div>\n\t\t<\/div>\n\t\t\t\t<div class=\"elementor-column elementor-col-50 elementor-top-column elementor-element elementor-element-85e880f\" data-id=\"85e880f\" data-element_type=\"column\" data-settings=\"{&quot;background_background&quot;:&quot;classic&quot;}\">\n\t\t\t<div class=\"elementor-widget-wrap elementor-element-populated\">\n\t\t\t\t\t\t<div class=\"elementor-element elementor-element-0042b56 elementor-hidden-desktop elementor-hidden-tablet elementor-widget elementor-widget-spacer\" data-id=\"0042b56\" data-element_type=\"widget\" data-widget_type=\"spacer.default\">\n\t\t\t\t<div class=\"elementor-widget-container\">\n\t\t\t<style>\/*! elementor - v3.21.0 - 26-05-2024 *\/\n.elementor-column .elementor-spacer-inner{height:var(--spacer-size)}.e-con{--container-widget-width:100%}.e-con-inner>.elementor-widget-spacer,.e-con>.elementor-widget-spacer{width:var(--container-widget-width,var(--spacer-size));--align-self:var(--container-widget-align-self,initial);--flex-shrink:0}.e-con-inner>.elementor-widget-spacer>.elementor-widget-container,.e-con>.elementor-widget-spacer>.elementor-widget-container{height:100%;width:100%}.e-con-inner>.elementor-widget-spacer>.elementor-widget-container>.elementor-spacer,.e-con>.elementor-widget-spacer>.elementor-widget-container>.elementor-spacer{height:100%}.e-con-inner>.elementor-widget-spacer>.elementor-widget-container>.elementor-spacer>.elementor-spacer-inner,.e-con>.elementor-widget-spacer>.elementor-widget-container>.elementor-spacer>.elementor-spacer-inner{height:var(--container-widget-height,var(--spacer-size))}.e-con-inner>.elementor-widget-spacer.elementor-widget-empty,.e-con>.elementor-widget-spacer.elementor-widget-empty{position:relative;min-height:22px;min-width:22px}.e-con-inner>.elementor-widget-spacer.elementor-widget-empty .elementor-widget-empty-icon,.e-con>.elementor-widget-spacer.elementor-widget-empty .elementor-widget-empty-icon{position:absolute;top:0;bottom:0;left:0;right:0;margin:auto;padding:0;width:22px;height:22px}<\/style>\t\t<div class=\"elementor-spacer\">\n\t\t\t<div class=\"elementor-spacer-inner\"><\/div>\n\t\t<\/div>\n\t\t\t\t<\/div>\n\t\t\t\t<\/div>\n\t\t\t\t\t<\/div>\n\t\t<\/div>\n\t\t\t\t\t<\/div>\n\t\t<\/section>\n\t\t\t\t<section class=\"elementor-section elementor-top-section elementor-element elementor-element-7c575fa elementor-section-boxed elementor-section-height-default elementor-section-height-default\" data-id=\"7c575fa\" data-element_type=\"section\">\n\t\t\t\t\t\t<div class=\"elementor-container elementor-column-gap-default\">\n\t\t\t\t\t<div class=\"elementor-column elementor-col-100 elementor-top-column elementor-element elementor-element-3e57d5e\" data-id=\"3e57d5e\" data-element_type=\"column\">\n\t\t\t<div class=\"elementor-widget-wrap elementor-element-populated\">\n\t\t\t\t\t\t<div class=\"elementor-element elementor-element-be4b9b0 elementor-widget elementor-widget-heading\" data-id=\"be4b9b0\" data-element_type=\"widget\" data-widget_type=\"heading.default\">\n\t\t\t\t<div class=\"elementor-widget-container\">\n\t\t\t<h5 class=\"elementor-heading-title elementor-size-default\">Comment nous rejoindre ?<\/h5>\t\t<\/div>\n\t\t\t\t<\/div>\n\t\t\t\t\t<\/div>\n\t\t<\/div>\n\t\t\t\t\t<\/div>\n\t\t<\/section>\n\t\t\t\t<section class=\"elementor-section elementor-top-section elementor-element elementor-element-2b658f2 elementor-section-boxed elementor-section-height-default elementor-section-height-default\" data-id=\"2b658f2\" data-element_type=\"section\">\n\t\t\t\t\t\t<div class=\"elementor-container elementor-column-gap-default\">\n\t\t\t\t\t<div class=\"elementor-column elementor-col-100 elementor-top-column elementor-element elementor-element-5a638e1\" data-id=\"5a638e1\" data-element_type=\"column\">\n\t\t\t<div class=\"elementor-widget-wrap elementor-element-populated\">\n\t\t\t\t\t\t<div class=\"elementor-element elementor-element-82439d0 elementor-widget elementor-widget-text-editor\" data-id=\"82439d0\" data-element_type=\"widget\" data-widget_type=\"text-editor.default\">\n\t\t\t\t<div class=\"elementor-widget-container\">\n\t\t\t\t\t\t\t<p style=\"font-size: 14px; font-style: normal; font-weight: 400;\">Nous offrons deux possibilit\u00e9s pour rejoindre notre \u00e9quipe :<\/p><p style=\"font-size: 14px; font-style: normal; font-weight: 400;\"><span style=\"font-weight: bolder;\">1. Candidature spontan\u00e9e :<\/span><\/p><p style=\"font-size: 14px; font-style: normal; font-weight: 400;\">Vous ne trouvez pas d&#8217;offre d&#8217;emploi correspondant \u00e0 vos comp\u00e9tences actuellement, mais vous \u00eates convaincu(e) que votre profil pourrait apporter une r\u00e9elle valeur ajout\u00e9e \u00e0 notre entreprise ? N&#8217;h\u00e9sitez pas \u00e0 nous envoyer une candidature spontan\u00e9e ! Nous sommes toujours \u00e0 la recherche de talents passionn\u00e9s et d\u00e9termin\u00e9s \u00e0 relever de nouveaux d\u00e9fis.<\/p><p style=\"font-size: 14px; font-style: normal; font-weight: 400;\"><span style=\"font-weight: bolder;\">2. R\u00e9pondre aux offres d&#8217;emploi :<\/span><\/p><p style=\"font-size: 14px; font-style: normal; font-weight: 400;\">Consultez r\u00e9guli\u00e8rement les offres d&#8217;emploi publi\u00e9es sur le site du Groupe Dang pour d\u00e9couvrir les opportunit\u00e9s de carri\u00e8re actuellement disponibles. Si l&#8217;une d&#8217;entre elles correspond \u00e0 votre profil et \u00e0 vos aspirations professionnelles, nous vous invitons \u00e0 postuler en envoyant votre candidature via le formulaire de candidature en ligne.<\/p>\t\t\t\t\t\t<\/div>\n\t\t\t\t<\/div>\n\t\t\t\t\t<\/div>\n\t\t<\/div>\n\t\t\t\t\t<\/div>\n\t\t<\/section>\n\t\t\t\t<section class=\"elementor-section elementor-top-section elementor-element elementor-element-aa8ceb6 elementor-section-boxed elementor-section-height-default elementor-section-height-default\" data-id=\"aa8ceb6\" data-element_type=\"section\">\n\t\t\t\t\t\t<div class=\"elementor-container elementor-column-gap-default\">\n\t\t\t\t\t<div class=\"elementor-column elementor-col-100 elementor-top-column elementor-element elementor-element-4264bd6\" data-id=\"4264bd6\" data-element_type=\"column\">\n\t\t\t<div class=\"elementor-widget-wrap elementor-element-populated\">\n\t\t\t\t\t\t<div class=\"elementor-element elementor-element-43abf53 elementor-align-center elementor-widget elementor-widget-button\" data-id=\"43abf53\" data-element_type=\"widget\" data-widget_type=\"button.default\">\n\t\t\t\t<div class=\"elementor-widget-container\">\n\t\t\t\t\t<div class=\"elementor-button-wrapper\">\n\t\t\t<a class=\"elementor-button elementor-button-link elementor-size-sm\" href=\"http:\/\/www.groupedang.nc\/carrieres\">\n\t\t\t\t\t\t<span class=\"elementor-button-content-wrapper\">\n\t\t\t\t\t\t\t\t\t<span class=\"elementor-button-text\">Voir les offres d'emploi<\/span>\n\t\t\t\t\t<\/span>\n\t\t\t\t\t<\/a>\n\t\t<\/div>\n\t\t\t\t<\/div>\n\t\t\t\t<\/div>\n\t\t\t\t\t<\/div>\n\t\t<\/div>\n\t\t\t\t\t<\/div>\n\t\t<\/section>\n\t\t\t\t<section class=\"elementor-section elementor-top-section elementor-element elementor-element-eb5258f elementor-section-boxed elementor-section-height-default elementor-section-height-default\" data-id=\"eb5258f\" data-element_type=\"section\">\n\t\t\t\t\t\t<div class=\"elementor-container elementor-column-gap-default\">\n\t\t\t\t\t<div class=\"elementor-column elementor-col-100 elementor-top-column elementor-element elementor-element-0072fb7\" data-id=\"0072fb7\" data-element_type=\"column\">\n\t\t\t<div class=\"elementor-widget-wrap elementor-element-populated\">\n\t\t\t\t\t\t<div class=\"elementor-element elementor-element-cf49ac1 elementor-widget elementor-widget-text-editor\" data-id=\"cf49ac1\" data-element_type=\"widget\" data-widget_type=\"text-editor.default\">\n\t\t\t\t<div class=\"elementor-widget-container\">\n\t\t\t\t\t\t\t<p><strong style=\"font-style: inherit; color: var( --e-global-color-text ); background-color: var(--bs-body-bg); text-align: var(--bs-body-text-align);\">Comment postuler ?<\/strong><\/p><p>Pour postuler, rien de plus simple ! Remplissez le formulaire de candidature en ligne en y joignant votre CV et votre lettre de motivation. N&#8217;oubliez pas de nous parler de vos r\u00e9alisations, de vos centres d&#8217;int\u00e9r\u00eat et de la mani\u00e8re dont vous pensez pouvoir contribuer \u00e0 notre entreprise.<\/p><p><strong>Confidentialit\u00e9 des candidatures :<\/strong><\/p><p>Nous attachons une grande importance \u00e0 la confidentialit\u00e9 des candidatures que nous recevons. Vos informations personnelles seront trait\u00e9es avec la plus grande discr\u00e9tion et ne seront utilis\u00e9es que dans le cadre du processus de recrutement.<\/p>\t\t\t\t\t\t<\/div>\n\t\t\t\t<\/div>\n\t\t\t\t\t<\/div>\n\t\t<\/div>\n\t\t\t\t\t<\/div>\n\t\t<\/section>\n\t\t\t\t<section class=\"elementor-section elementor-top-section elementor-element elementor-element-fb4b40f elementor-section-full_width elementor-section-height-min-height elementor-section-items-stretch elementor-section-stretched elementor-reverse-mobile elementor-section-height-default\" data-id=\"fb4b40f\" data-element_type=\"section\" data-settings=\"{&quot;stretch_section&quot;:&quot;section-stretched&quot;,&quot;background_background&quot;:&quot;classic&quot;,&quot;shape_divider_bottom&quot;:&quot;tilt&quot;}\">\n\t\t\t\t\t<div class=\"elementor-shape elementor-shape-bottom\" data-negative=\"false\">\n\t\t\t<svg xmlns=\"http:\/\/www.w3.org\/2000\/svg\" viewbox=\"0 0 1000 100\" preserveaspectratio=\"none\">\n\t<path class=\"elementor-shape-fill\" d=\"M0,6V0h1000v100L0,6z\"\/>\n<\/svg>\t\t<\/div>\n\t\t\t\t\t<div class=\"elementor-container elementor-column-gap-no\">\n\t\t\t\t\t<div class=\"elementor-column elementor-col-50 elementor-top-column elementor-element elementor-element-6dd1256 right-white\" data-id=\"6dd1256\" data-element_type=\"column\" data-settings=\"{&quot;background_background&quot;:&quot;classic&quot;}\">\n\t\t\t<div class=\"elementor-widget-wrap elementor-element-populated\">\n\t\t\t\t\t\t<div class=\"elementor-element elementor-element-84a6562 elementor-hidden-desktop elementor-hidden-tablet elementor-widget elementor-widget-spacer\" data-id=\"84a6562\" data-element_type=\"widget\" data-widget_type=\"spacer.default\">\n\t\t\t\t<div class=\"elementor-widget-container\">\n\t\t\t\t\t<div class=\"elementor-spacer\">\n\t\t\t<div class=\"elementor-spacer-inner\"><\/div>\n\t\t<\/div>\n\t\t\t\t<\/div>\n\t\t\t\t<\/div>\n\t\t\t\t\t<\/div>\n\t\t<\/div>\n\t\t\t\t<div class=\"elementor-column elementor-col-50 elementor-top-column elementor-element elementor-element-5b3cc36 right-white\" data-id=\"5b3cc36\" data-element_type=\"column\">\n\t\t\t<div class=\"elementor-widget-wrap elementor-element-populated\">\n\t\t\t\t\t\t<div class=\"elementor-element elementor-element-e7a1787 elementor-widget elementor-widget-heading\" data-id=\"e7a1787\" data-element_type=\"widget\" data-widget_type=\"heading.default\">\n\t\t\t\t<div class=\"elementor-widget-container\">\n\t\t\t<h5 class=\"elementor-heading-title elementor-size-default\">A bient\u00f4t !<\/h5>\t\t<\/div>\n\t\t\t\t<\/div>\n\t\t\t\t<div class=\"elementor-element elementor-element-dd8d54c elementor-widget__width-initial elementor-widget-tablet__width-auto elementor-widget elementor-widget-text-editor\" data-id=\"dd8d54c\" data-element_type=\"widget\" data-widget_type=\"text-editor.default\">\n\t\t\t\t<div class=\"elementor-widget-container\">\n\t\t\t\t\t\t\t<p>Votre talent et votre passion sont les cl\u00e9s de notre r\u00e9ussite. Alors, rejoignez-nous chez [Nom de l&#8217;entreprise] et participez \u00e0 notre aventure exceptionnelle. Nous sommes impatients de d\u00e9couvrir ce que vous pouvez apporter \u00e0 notre \u00e9quipe.<\/p><p>N&#8217;h\u00e9sitez pas \u00e0 nous contacter si vous avez des questions ou des demandes d&#8217;information suppl\u00e9mentaire. Notre \u00e9quipe RH se tient \u00e0 votre disposition pour vous accompagner tout au long du processus de recrutement.<\/p><p>Bienvenue dans la famille Budget Nouvelle-Cal\u00e9donie<\/p>\t\t\t\t\t\t<\/div>\n\t\t\t\t<\/div>\n\t\t\t\t\t<\/div>\n\t\t<\/div>\n\t\t\t\t\t<\/div>\n\t\t<\/section>\n\t\t\t\t<\/div>","protected":false},"excerpt":{"rendered":"<p>NOUS REJOINDRE FACILITEZ LA MOBILIT\u00c9 DE VOS \u00c9QUIPES [reactive key=&#8221;712&#8243;] Bienvenue chez Budget NC Vous recherchez une opportunit\u00e9 professionnelle stimulante dans un environnement dynamique et innovant ? Vous \u00eates passionn\u00e9(e) par l&#8217;univers touristique et les m\u00e9tiers du service ? Alors, vous \u00eates au bon endroit ! Pourquoi rejoindre notre \u00e9quipe ? Chez Budget Nouvelle Cal\u00e9donie, &hellip;<\/p>\n<p class=\"read-more\"> <a class=\"\" href=\"https:\/\/www.budget.nc\/en\/carrieres\/\"> <span class=\"screen-reader-text\">Carri\u00e8res<\/span> Read More &raquo;<\/a><\/p>","protected":false},"author":4,"featured_media":0,"parent":0,"menu_order":0,"comment_status":"closed","ping_status":"closed","template":"","meta":{"_acf_changed":false,"_seopress_robots_primary_cat":"","_seopress_titles_title":"","_seopress_titles_desc":"","_seopress_robots_index":"","site-sidebar-layout":"no-sidebar","site-content-layout":"page-builder","ast-main-header-display":"","ast-hfb-above-header-display":"","ast-hfb-below-header-display":"","ast-hfb-mobile-header-display":"","site-post-title":"disabled","ast-breadcrumbs-content":"","ast-featured-img":"disabled","footer-sml-layout":"","theme-transparent-header-meta":"default","adv-header-id-meta":"","stick-header-meta":"","header-above-stick-meta":"","header-main-stick-meta":"","header-below-stick-meta":"","footnotes":""},"class_list":["post-1115","page","type-page","status-publish","hentry"],"acf":[],"_links":{"self":[{"href":"https:\/\/www.budget.nc\/en\/wp-json\/wp\/v2\/pages\/1115","targetHints":{"allow":["GET"]}}],"collection":[{"href":"https:\/\/www.budget.nc\/en\/wp-json\/wp\/v2\/pages"}],"about":[{"href":"https:\/\/www.budget.nc\/en\/wp-json\/wp\/v2\/types\/page"}],"author":[{"embeddable":true,"href":"https:\/\/www.budget.nc\/en\/wp-json\/wp\/v2\/users\/4"}],"replies":[{"embeddable":true,"href":"https:\/\/www.budget.nc\/en\/wp-json\/wp\/v2\/comments?post=1115"}],"version-history":[{"count":21,"href":"https:\/\/www.budget.nc\/en\/wp-json\/wp\/v2\/pages\/1115\/revisions"}],"predecessor-version":[{"id":5093,"href":"https:\/\/www.budget.nc\/en\/wp-json\/wp\/v2\/pages\/1115\/revisions\/5093"}],"wp:attachment":[{"href":"https:\/\/www.budget.nc\/en\/wp-json\/wp\/v2\/media?parent=1115"}],"curies":[{"name":"wp","href":"https:\/\/api.w.org\/{rel}","templated":true}]}}